{"id":100,"date":"2025-06-17T22:11:05","date_gmt":"2025-06-17T20:11:05","guid":{"rendered":"https:\/\/pragmasoft.be\/fr\/?page_id=100"},"modified":"2025-12-31T17:05:51","modified_gmt":"2025-12-31T16:05:51","slug":"installation-de-pcs","status":"publish","type":"page","link":"https:\/\/pragmasoft.be\/fr\/installation-de-pcs\/","title":{"rendered":"Installation de PC"},"content":{"rendered":"\n<figure class=\"wp-block-image size-full\"><img loading=\"lazy\" decoding=\"async\" width=\"75\" height=\"75\" src=\"https:\/\/pragmasoft.be\/fr\/wp-content\/uploads\/2025\/06\/but_install_pc-1.png\" alt=\"\" class=\"wp-image-164\" srcset=\"https:\/\/pragmasoft.be\/fr\/wp-content\/uploads\/2025\/06\/but_install_pc-1.png 75w, https:\/\/pragmasoft.be\/fr\/wp-content\/uploads\/2025\/06\/but_install_pc-1-24x24.png 24w, https:\/\/pragmasoft.be\/fr\/wp-content\/uploads\/2025\/06\/but_install_pc-1-36x36.png 36w, https:\/\/pragmasoft.be\/fr\/wp-content\/uploads\/2025\/06\/but_install_pc-1-48x48.png 48w\" sizes=\"auto, (max-width: 75px) 100vw, 75px\" \/><\/figure>\n\n\n\n<div style=\"height:20px\" aria-hidden=\"true\" class=\"wp-block-spacer\"><\/div>\n\n\n\n<div class=\"wp-block-columns is-layout-flex wp-container-core-columns-is-layout-9d6595d7 wp-block-columns-is-layout-flex\">\n<div class=\"wp-block-column is-layout-flow wp-block-column-is-layout-flow\" style=\"padding-right:var(--wp--preset--spacing--40);flex-basis:80%\">\n<h3 class=\"wp-block-heading\">Installation de PC sous Linux<\/h3>\n\n\n\n<p>Nos pr\u00e9conisons pour chacun une ind\u00e9pendance num\u00e9rique. Notre <a href=\"https:\/\/www.pragmasoft.be\/wiki_mint\/doku.php?id=start\">wiki<\/a> est d&rsquo;ailleurs l\u00e0 pour vous aider \u00e0 installer vous-m\u00eame votre PC sous Linux ! En installant votre machine, vous devenez ind\u00e9pendant et autonome.<\/p>\n\n\n\n<p>Toutefois, si ne vous souhaitez pas vous lancer dans une installation pour quelque raison que ce soit, des passionn\u00e9s (<a href=\"#alternative\">voir \u00ab\u00a0Alternatives\u00a0\u00bb ci-dessous<\/a>) ou Pragmasoft peuvent s&rsquo;en charger !<\/p>\n<\/div>\n\n\n\n<div class=\"wp-block-column is-layout-flow wp-block-column-is-layout-flow\" style=\"flex-basis:20%\"><div class=\"wp-block-image\">\n<figure class=\"aligncenter size-full\"><a href=\"https:\/\/pragmasoft.be\/fr\/wp-content\/uploads\/2025\/06\/150px-NewTux.svg_.png\"><img loading=\"lazy\" decoding=\"async\" width=\"150\" height=\"180\" src=\"https:\/\/pragmasoft.be\/fr\/wp-content\/uploads\/2025\/06\/150px-NewTux.svg_.png\" alt=\"\" class=\"wp-image-120\" srcset=\"https:\/\/pragmasoft.be\/fr\/wp-content\/uploads\/2025\/06\/150px-NewTux.svg_.png 150w, https:\/\/pragmasoft.be\/fr\/wp-content\/uploads\/2025\/06\/150px-NewTux.svg_-20x24.png 20w, https:\/\/pragmasoft.be\/fr\/wp-content\/uploads\/2025\/06\/150px-NewTux.svg_-30x36.png 30w, https:\/\/pragmasoft.be\/fr\/wp-content\/uploads\/2025\/06\/150px-NewTux.svg_-40x48.png 40w\" sizes=\"auto, (max-width: 150px) 100vw, 150px\" \/><\/a><figcaption class=\"wp-element-caption\"><em><sup>Tux, symbole de Linux<\/sup><\/em><\/figcaption><\/figure>\n<\/div><\/div>\n<\/div>\n\n\n\n<div style=\"height:20px\" aria-hidden=\"true\" class=\"wp-block-spacer\"><\/div>\n\n\n\n<h3 class=\"wp-block-heading\">Pragmasoft vous propose :<\/h3>\n\n\n\n<div class=\"wp-block-columns is-layout-flex wp-container-core-columns-is-layout-9d6595d7 wp-block-columns-is-layout-flex\">\n<div class=\"wp-block-column is-layout-flow wp-block-column-is-layout-flow\" style=\"padding-right:var(--wp--preset--spacing--40);flex-basis:80%\">\n<ul class=\"wp-block-list\">\n<li>L&rsquo;installation de base de <a href=\"https:\/\/www.linuxmint.com\/\">Linux Mint<\/a> (derni\u00e8re version) : certains pilotes et logiciels ne sont pas libres (ce que les puristes libristes d\u00e9sapprouvent) mais <strong>Mint<\/strong> les ajoute \u00e0 son syst\u00e8me car ils sont demand\u00e9s par beaucoup d&rsquo;utilisateurs et que l&rsquo;objectif de Mint est d&rsquo;\u00eatre le \u00ab\u00a0moins prise de t\u00eate possible\u00a0\u00bb !<br><br>Nous estimons qu&rsquo;un PC est un <strong>outil<\/strong>, comme un simple <strong>marteau<\/strong> ou un <strong>tournevis<\/strong>, et doit donc \u00eatre <strong>simple d&#8217;emploi<\/strong> ! Aussi est-ce la distribution \u00ab\u00a0Linux Mint\u00a0\u00bb que nous installons pour un maximum de confort et de facilit\u00e9 !<\/li>\n<\/ul>\n<\/div>\n\n\n\n<div class=\"wp-block-column is-layout-flow wp-block-column-is-layout-flow\" style=\"flex-basis:20%\"><div class=\"wp-block-image\">\n<figure class=\"aligncenter size-full\"><img loading=\"lazy\" decoding=\"async\" width=\"190\" height=\"190\" src=\"https:\/\/pragmasoft.be\/fr\/wp-content\/uploads\/2025\/06\/linuxmint-logo-filled-ring.png\" alt=\"\" class=\"wp-image-101\" srcset=\"https:\/\/pragmasoft.be\/fr\/wp-content\/uploads\/2025\/06\/linuxmint-logo-filled-ring.png 190w, https:\/\/pragmasoft.be\/fr\/wp-content\/uploads\/2025\/06\/linuxmint-logo-filled-ring-150x150.png 150w, https:\/\/pragmasoft.be\/fr\/wp-content\/uploads\/2025\/06\/linuxmint-logo-filled-ring-24x24.png 24w, https:\/\/pragmasoft.be\/fr\/wp-content\/uploads\/2025\/06\/linuxmint-logo-filled-ring-36x36.png 36w, https:\/\/pragmasoft.be\/fr\/wp-content\/uploads\/2025\/06\/linuxmint-logo-filled-ring-48x48.png 48w\" sizes=\"auto, (max-width: 190px) 100vw, 190px\" \/><\/figure>\n<\/div><\/div>\n<\/div>\n\n\n\n<div style=\"height:20px\" aria-hidden=\"true\" class=\"wp-block-spacer\"><\/div>\n\n\n\n<h4 class=\"wp-block-heading\">En option<\/h4>\n\n\n\n<div class=\"wp-block-columns is-layout-flex wp-container-core-columns-is-layout-9d6595d7 wp-block-columns-is-layout-flex\">\n<div class=\"wp-block-column is-vertically-aligned-center is-layout-flow wp-block-column-is-layout-flow\" style=\"padding-right:var(--wp--preset--spacing--40);flex-basis:60%\">\n<ul class=\"wp-block-list\">\n<li><strong>Un pack suppl\u00e9mentaire d&rsquo;une cinquantaine de logiciels \u00ab\u00a0phares\u00a0\u00bb du monde \u00ab\u00a0Open Source\u00a0\u00bb<\/strong> pour couvrir la majorit\u00e9 des besoins en bureautique, mise en page, travail d&rsquo;image et de photos, \u00e9dition vid\u00e9o et son\u2026<\/li>\n<\/ul>\n\n\n\n<ul class=\"wp-block-list\">\n<li>Un pack d&rsquo;une <strong>centaine de tutoriels pour les logiciels principaux<\/strong>.<\/li>\n\n\n\n<li>Un <strong>interface ergonomique affin\u00e9 et am\u00e9lior\u00e9<\/strong>, pour vous aider dans votre transition.<\/li>\n\n\n\n<li>La <strong>configuration de certains logiciels<\/strong> (plugins firefox, param\u00e8tres par d\u00e9faut en Libre Office Writer, pour la compatibilit\u00e9 avec Word, polices de caract\u00e8res Microsoft\u2026)<\/li>\n<\/ul>\n<\/div>\n\n\n\n<div class=\"wp-block-column is-layout-flow wp-block-column-is-layout-flow\" style=\"flex-basis:40%\"><div class=\"wp-block-image\">\n<figure class=\"aligncenter size-full\"><a href=\"https:\/\/pragmasoft.be\/fr\/wp-content\/uploads\/2025\/06\/th.webp\"><img loading=\"lazy\" decoding=\"async\" width=\"474\" height=\"330\" src=\"https:\/\/pragmasoft.be\/fr\/wp-content\/uploads\/2025\/06\/th.webp\" alt=\"\" class=\"wp-image-315\" srcset=\"https:\/\/pragmasoft.be\/fr\/wp-content\/uploads\/2025\/06\/th.webp 474w, https:\/\/pragmasoft.be\/fr\/wp-content\/uploads\/2025\/06\/th-300x209.webp 300w, https:\/\/pragmasoft.be\/fr\/wp-content\/uploads\/2025\/06\/th-24x17.webp 24w, https:\/\/pragmasoft.be\/fr\/wp-content\/uploads\/2025\/06\/th-36x25.webp 36w, https:\/\/pragmasoft.be\/fr\/wp-content\/uploads\/2025\/06\/th-48x33.webp 48w\" sizes=\"auto, (max-width: 474px) 100vw, 474px\" \/><\/a><\/figure>\n<\/div><\/div>\n<\/div>\n\n\n\n<div style=\"height:20px\" aria-hidden=\"true\" class=\"wp-block-spacer\"><\/div>\n\n\n\n<h4 class=\"wp-block-heading\">Mat\u00e9riel minimum requis<\/h4>\n\n\n\n<p>Linux peut tourner sur de tr\u00e8s anciennes machines avec des distributions adapt\u00e9es. Toutefois, nous estimons qu&rsquo;il y a un minimum pour pouvoir utiliser sa machine dans de bonnes conditions, et ce d&rsquo;autant plus si vous n&rsquo;\u00eates pas un habitu\u00e9 ou un geek ! Un PC est un outil, pas une fin en soi ! <\/p>\n\n\n\n<p>Vous pouvez tester pr\u00e9alablement chez vous cette compatibilit\u00e9 en d\u00e9marrant votre PC avec un CD ou une cl\u00e9 USB bootable Linux. C\u2019est tr\u00e8s rare que cela arrive mais certains PC \u2018s refusent Linux.<\/p>\n\n\n\n<p><span style=\"text-decoration: underline;\">La configuration minimale pour nos installations est :<\/span><\/p>\n\n\n\n<ul class=\"wp-block-list\">\n<li>PC Dual-Core (mais confortablement, au moins un I3)<\/li>\n\n\n\n<li>2 Gb de RAM (mais confortablement au moins 8 Gb de RAM)<\/li>\n\n\n\n<li>100 GB de disque dur<\/li>\n<\/ul>\n\n\n\n<p>Si votre machine est plus restreinte, vous pouvez vous tourner sur une solution alternative (voir ci-dessous).<\/p>\n\n\n\n<h4 class=\"wp-block-heading\">Notez bien !<\/h4>\n\n\n\n<ul class=\"wp-block-list\">\n<li>Nous ne nous occupons pas de vos <strong>backups<\/strong> et \u00ab\u00a0\u00e9crasons\u00a0\u00bb le disque dur avec Linux.<\/li>\n\n\n\n<li>Nous ne garantissons pas la <strong>compatibilit\u00e9<\/strong> de Linux avec votre mat\u00e9riel (imprimantes, scanners..). Le mat\u00e9riel ancien n&rsquo;est pas toujours reconnu ou demande des recherches plus approfondies qui ne sont pas comprises dans notre forfait d&rsquo;installation.<\/li>\n\n\n\n<li>Notre travail se limite \u00e0 une <strong>installation<\/strong> : nous n&rsquo;assurons pas de suivi, de formation ou de help desk (sauf arrangement).<\/li>\n\n\n\n<li>En cas de questions ult\u00e9rieures, vous avez les <strong>aides<\/strong> classiques pour Linux \u00e0 votre disposition : forums, mailing-lists, clubs utilisateurs<\/li>\n<\/ul>\n\n\n\n<div class=\"wp-block-columns is-layout-flex wp-container-core-columns-is-layout-9d6595d7 wp-block-columns-is-layout-flex\">\n<div class=\"wp-block-column is-layout-flow wp-block-column-is-layout-flow\" style=\"flex-basis:15%\"><a href=\"https:\/\/pragmasoft.be\/fr\/wp-content\/uploads\/2025\/06\/installation_pc_conditions.pdf\" class=\"pdfemb-viewer\" style=\"width:800px;\" data-width=\"800\" data-height=\"max\" data-toolbar=\"bottom\" data-toolbar-fixed=\"off\">installation_pc_conditions<\/a><\/div>\n\n\n\n<div class=\"wp-block-column is-vertically-aligned-center is-layout-flow wp-block-column-is-layout-flow\" style=\"border-style:none;border-width:0px;flex-basis:85%\">\n<div class=\"wp-block-file\"><a id=\"wp-block-file--media-86705e59-4711-43e6-95e5-0229bebd717f\" href=\"https:\/\/pragmasoft.be\/fr\/wp-content\/uploads\/2025\/06\/installation_pc_conditions.pdf\">Installation_de pc_- conditions g\u00e9n\u00e9rales<\/a><a href=\"https:\/\/pragmasoft.be\/fr\/wp-content\/uploads\/2025\/06\/installation_pc_conditions.pdf\" class=\"wp-block-file__button wp-element-button\" download aria-describedby=\"wp-block-file--media-86705e59-4711-43e6-95e5-0229bebd717f\">T\u00e9l\u00e9charger<\/a><\/div>\n<\/div>\n<\/div>\n\n\n\n<div class=\"wp-block-buttons is-layout-flex wp-block-buttons-is-layout-flex\">\n<div class=\"wp-block-button is-style-primary\"><a class=\"wp-block-button__link wp-element-button\" href=\"https:\/\/pragmasoft.be\/fr\/contact\/\">Contactez-nous pour entrer dans le monde de Linux !<\/a><\/div>\n<\/div>\n\n\n\n<div style=\"height:20px\" aria-hidden=\"true\" class=\"wp-block-spacer\"><\/div>\n\n\n\n<hr class=\"wp-block-separator has-alpha-channel-opacity\"\/>\n\n\n\n<h3 class=\"wp-block-heading\" id=\"alternative\">Alternative<\/h3>\n\n\n\n<p>Si votre machine est plus ancienne ou si vous souhaitez installer une autre distribution (Ubuntu, Debian, etc.), mais aussi Linux-Mint, vous pouvez passer par ce canal :<\/p>\n\n\n\n<div class=\"wp-block-columns is-layout-flex wp-container-core-columns-is-layout-9d6595d7 wp-block-columns-is-layout-flex\">\n<div class=\"wp-block-column is-layout-flow wp-block-column-is-layout-flow\" style=\"padding-right:var(--wp--preset--spacing--40);flex-basis:80%\">\n<ul class=\"wp-block-list\">\n<li>Les <a href=\"https:\/\/www.bxlug.be\/?install-party\">ateliers du Web<\/a> : des passionn\u00e9.es du <strong>BxLUg (Brussels Linux Users Group)<\/strong> peuvent vous installer b\u00e9n\u00e9volement votre machine lors d&rsquo;une \u00ab\u00a0<strong>install party<\/strong>\u00ab\u00a0. <br>Ces \u00ab\u00a0install party\u00a0\u00bb ont lieu chaque mercredi matin de 9 h 30 \u00e0 12 h \u00e0 l\u2019atelier du web 37 Rue du Fort \u00e0 1060 St Gilles, Bruxelles.<\/li>\n\n\n\n<li>Sur rendez-vous, aussi les jeudi matin et vendredi matin : contacter <strong>Jean-Paul<\/strong> 0475 \/ 918 033 UNIQUEMENT aux heures suivantes : de 9 h \u00e0 11 h 30 et de 15 h 30 \u00e0 18 h.<\/li>\n<\/ul>\n<\/div>\n\n\n\n<div class=\"wp-block-column is-layout-flow wp-block-column-is-layout-flow\" style=\"flex-basis:20%\"><div class=\"wp-block-image\">\n<figure class=\"aligncenter size-large is-resized\"><a href=\"https:\/\/pragmasoft.be\/fr\/wp-content\/uploads\/2025\/06\/arton1.jpg\"><img loading=\"lazy\" decoding=\"async\" width=\"724\" height=\"1024\" src=\"https:\/\/pragmasoft.be\/fr\/wp-content\/uploads\/2025\/06\/arton1-724x1024.jpg\" alt=\"\" class=\"wp-image-349\" style=\"width:122px;height:auto\" srcset=\"https:\/\/pragmasoft.be\/fr\/wp-content\/uploads\/2025\/06\/arton1-724x1024.jpg 724w, https:\/\/pragmasoft.be\/fr\/wp-content\/uploads\/2025\/06\/arton1-212x300.jpg 212w, https:\/\/pragmasoft.be\/fr\/wp-content\/uploads\/2025\/06\/arton1-768x1086.jpg 768w, https:\/\/pragmasoft.be\/fr\/wp-content\/uploads\/2025\/06\/arton1-17x24.jpg 17w, https:\/\/pragmasoft.be\/fr\/wp-content\/uploads\/2025\/06\/arton1-25x36.jpg 25w, https:\/\/pragmasoft.be\/fr\/wp-content\/uploads\/2025\/06\/arton1-34x48.jpg 34w, https:\/\/pragmasoft.be\/fr\/wp-content\/uploads\/2025\/06\/arton1.jpg 992w\" sizes=\"auto, (max-width: 724px) 100vw, 724px\" \/><\/a><\/figure>\n<\/div><\/div>\n<\/div>\n\n\n\n<div style=\"height:25px\" aria-hidden=\"true\" class=\"wp-block-spacer\"><\/div>\n\n\n\n<p><\/p>\n","protected":false},"excerpt":{"rendered":"<p>Installation de PC sous Linux Nos pr\u00e9conisons pour chacun une ind\u00e9pendance num\u00e9rique. Notre wiki est d&rsquo;ailleurs l\u00e0 pour vous aider \u00e0 installer vous-m\u00eame votre PC sous Linux ! En installant votre machine, vous devenez ind\u00e9pendant et autonome. Toutefois, si ne vous souhaitez pas vous lancer dans une installation pour quelque raison que ce soit, des&hellip;&nbsp;<a href=\"https:\/\/pragmasoft.be\/fr\/installation-de-pcs\/\" rel=\"bookmark\"><span class=\"screen-reader-text\">Installation de PC<\/span><\/a><\/p>\n","protected":false},"author":1,"featured_media":0,"parent":0,"menu_order":0,"comment_status":"closed","ping_status":"closed","template":"","meta":{"neve_meta_sidebar":"","neve_meta_container":"","neve_meta_enable_content_width":"","neve_meta_content_width":0,"neve_meta_title_alignment":"","neve_meta_author_avatar":"","neve_post_elements_order":"","neve_meta_disable_header":"","neve_meta_disable_footer":"","neve_meta_disable_title":"","footnotes":""},"class_list":["post-100","page","type-page","status-publish","hentry"],"_links":{"self":[{"href":"https:\/\/pragmasoft.be\/fr\/wp-json\/wp\/v2\/pages\/100","targetHints":{"allow":["GET"]}}],"collection":[{"href":"https:\/\/pragmasoft.be\/fr\/wp-json\/wp\/v2\/pages"}],"about":[{"href":"https:\/\/pragmasoft.be\/fr\/wp-json\/wp\/v2\/types\/page"}],"author":[{"embeddable":true,"href":"https:\/\/pragmasoft.be\/fr\/wp-json\/wp\/v2\/users\/1"}],"replies":[{"embeddable":true,"href":"https:\/\/pragmasoft.be\/fr\/wp-json\/wp\/v2\/comments?post=100"}],"version-history":[{"count":52,"href":"https:\/\/pragmasoft.be\/fr\/wp-json\/wp\/v2\/pages\/100\/revisions"}],"predecessor-version":[{"id":777,"href":"https:\/\/pragmasoft.be\/fr\/wp-json\/wp\/v2\/pages\/100\/revisions\/777"}],"wp:attachment":[{"href":"https:\/\/pragmasoft.be\/fr\/wp-json\/wp\/v2\/media?parent=100"}],"curies":[{"name":"wp","href":"https:\/\/api.w.org\/{rel}","templated":true}]}}