{"id":146,"date":"2025-06-25T19:06:29","date_gmt":"2025-06-25T17:06:29","guid":{"rendered":"https:\/\/pragmasoft.be\/fr\/?page_id=146"},"modified":"2025-06-30T09:01:20","modified_gmt":"2025-06-30T07:01:20","slug":"sites-internet","status":"publish","type":"page","link":"https:\/\/pragmasoft.be\/fr\/sites-internet\/","title":{"rendered":"Sites internet &amp; d\u00e9veloppement"},"content":{"rendered":"\n<figure class=\"wp-block-image size-full is-resized\"><img loading=\"lazy\" decoding=\"async\" width=\"93\" height=\"82\" src=\"https:\/\/pragmasoft.be\/fr\/wp-content\/uploads\/2025\/06\/web.png\" alt=\"\" class=\"wp-image-125\" style=\"width:93px;height:auto\" srcset=\"https:\/\/pragmasoft.be\/fr\/wp-content\/uploads\/2025\/06\/web.png 93w, https:\/\/pragmasoft.be\/fr\/wp-content\/uploads\/2025\/06\/web-24x21.png 24w, https:\/\/pragmasoft.be\/fr\/wp-content\/uploads\/2025\/06\/web-36x32.png 36w, https:\/\/pragmasoft.be\/fr\/wp-content\/uploads\/2025\/06\/web-48x42.png 48w\" sizes=\"auto, (max-width: 93px) 100vw, 93px\" \/><\/figure>\n\n\n\n<div style=\"height:20px\" aria-hidden=\"true\" class=\"wp-block-spacer\"><\/div>\n\n\n\n<p>Aujourd&rsquo;hui, Pragmasoft d\u00e9veloppe les sites internet essentiellement avec <a href=\"https:\/\/wordpress.com\/fr\/\">WordPress<\/a>. Cet outil permet de rencontrer la majorit\u00e9 des besoins de base. Au besoin, des plugins sp\u00e9cifiques peuvent \u00eatre d\u00e9velopp\u00e9s et ajout\u00e9s \u00e0 WordPress. Mais d&rsquo;autres d\u00e9veloppements sont possibles.<\/p>\n\n\n\n<ul class=\"wp-block-list\">\n<li>Sites web en WordPress<\/li>\n\n\n\n<li>Sites sur mesure (PHP), avec base de donn\u00e9es et d\u00e9veloppements sp\u00e9cifiques<\/li>\n\n\n\n<li>Enregistrement de nom de domaine<\/li>\n\n\n\n<li>Techniques adapt\u00e9es aux besoins (HTML, PHP, Javascript, formulaires en ligne, acc\u00e8s base de donn\u00e9es, g\u00e9n\u00e9rateurs de pages, logos, photos, retouche d&rsquo;image&#8230; )<\/li>\n\n\n\n<li>Automatisations diverses <\/li>\n\n\n\n<li>Tutoriels<\/li>\n<\/ul>\n\n\n\n<p>Pragmasoft travaille \u00e0 des <strong>tarifs tr\u00e8s comp\u00e9titifs<\/strong> et parfois <strong>b\u00e9n\u00e9volement<\/strong> pour des sites \u00e0 <strong>vocation humanitaire, sociale, didactique ou culturel<\/strong>le.<\/p>\n\n\n\n<div class=\"wp-block-buttons is-layout-flex wp-block-buttons-is-layout-flex\">\n<div class=\"wp-block-button is-style-primary\"><a class=\"wp-block-button__link wp-element-button\" href=\"https:\/\/pragmasoft.be\/fr\/contact\/\">  Contactez-nous pour un devis !  <\/a><\/div>\n<\/div>\n\n\n\n<div style=\"height:20px\" aria-hidden=\"true\" class=\"wp-block-spacer\"><\/div>\n\n\n\n<hr class=\"wp-block-separator has-alpha-channel-opacity\"\/>\n\n\n\n<h3 class=\"wp-block-heading\">Quelques r\u00e9alisations&#8230;<\/h3>\n\n\n\n<h4 class=\"wp-block-heading\">Sites internet \u00ab\u00a0carte de visite\u00a0\u00bb<\/h4>\n\n\n\n<div class=\"wp-block-columns is-layout-flex wp-container-core-columns-is-layout-9d6595d7 wp-block-columns-is-layout-flex\">\n<div class=\"wp-block-column is-vertically-aligned-center is-layout-flow wp-block-column-is-layout-flow\" style=\"padding-right:var(--wp--preset--spacing--40);flex-basis:60%\">\n<p>Ces sites WordPress sont mis en place par Pragmasoft qui ne s&rsquo;occupe ensuite que de la maintenance technique mais pas du contenu.<\/p>\n\n\n\n<ul class=\"wp-block-list\">\n<li><a href=\"https:\/\/www.mediraid.be\">https:\/\/www.mediraid.be<\/a> &#8211; Asbl Mediraid<\/li>\n\n\n\n<li><a href=\"https:\/\/www.pecs.be\">https:\/\/www.pecs.be<\/a> &#8211; PECS &#8211; Pont d&rsquo;Entraide pour la Solidarit\u00e9, ONG belgo-congolaise<\/li>\n\n\n\n<li><a href=\"https:\/\/www.cebe.be\">https:\/\/www.cebe.be<\/a> &#8211; CEBE, Commission de l&rsquo;Environnement de Bruxelles et Environs<\/li>\n\n\n\n<li><a href=\"https:\/\/www.bullesdevie.be\">https:\/\/www.bullesdevie.be<\/a> &#8211; Bulles de vie &#8211; r\u00e9flexologie<\/li>\n<\/ul>\n<\/div>\n\n\n\n<div class=\"wp-block-column is-layout-flow wp-block-column-is-layout-flow\" style=\"flex-basis:40%\"><div class=\"wp-block-image\">\n<figure class=\"aligncenter size-full is-resized has-custom-border\"><a href=\"https:\/\/www.mediraid.be\"><img loading=\"lazy\" decoding=\"async\" width=\"922\" height=\"749\" src=\"https:\/\/pragmasoft.be\/fr\/wp-content\/uploads\/2025\/06\/site_mediraid.png\" alt=\"\" class=\"has-border-color has-neve-text-color-border-color wp-image-327\" style=\"border-width:1px;width:250px\" srcset=\"https:\/\/pragmasoft.be\/fr\/wp-content\/uploads\/2025\/06\/site_mediraid.png 922w, https:\/\/pragmasoft.be\/fr\/wp-content\/uploads\/2025\/06\/site_mediraid-300x244.png 300w, https:\/\/pragmasoft.be\/fr\/wp-content\/uploads\/2025\/06\/site_mediraid-768x624.png 768w, https:\/\/pragmasoft.be\/fr\/wp-content\/uploads\/2025\/06\/site_mediraid-24x19.png 24w, https:\/\/pragmasoft.be\/fr\/wp-content\/uploads\/2025\/06\/site_mediraid-36x29.png 36w, https:\/\/pragmasoft.be\/fr\/wp-content\/uploads\/2025\/06\/site_mediraid-48x39.png 48w\" sizes=\"auto, (max-width: 922px) 100vw, 922px\" \/><\/a><figcaption class=\"wp-element-caption\"><sup><em>Mediraid.be<\/em><\/sup><\/figcaption><\/figure>\n<\/div><\/div>\n<\/div>\n\n\n\n<div style=\"height:20px\" aria-hidden=\"true\" class=\"wp-block-spacer\"><\/div>\n\n\n\n<h4 class=\"wp-block-heading\">Site internet avec base de donn\u00e9es<\/h4>\n\n\n\n<p>D\u00e9veloppement \u00e0 la carte de site, sans WordPress.<\/p>\n\n\n\n<div class=\"wp-block-columns is-layout-flex wp-container-core-columns-is-layout-9d6595d7 wp-block-columns-is-layout-flex\">\n<div class=\"wp-block-column is-layout-flow wp-block-column-is-layout-flow\" style=\"padding-right:var(--wp--preset--spacing--40);flex-basis:60%\">\n<ul class=\"wp-block-list\">\n<li><a href=\"https:\/\/www.biodeversite.be\">https:\/\/www.biodeversite.be<\/a> &#8211; BiodEversit\u00e9, base de donn\u00e9es avec filtres, g\u00e9n\u00e9ration de pdf \u00e0 la vol\u00e9e, &#8230;<\/li>\n<\/ul>\n<\/div>\n\n\n\n<div class=\"wp-block-column is-layout-flow wp-block-column-is-layout-flow\" style=\"flex-basis:40%\"><div class=\"wp-block-image\">\n<figure class=\"aligncenter size-full is-resized has-custom-border\"><img loading=\"lazy\" decoding=\"async\" width=\"1279\" height=\"890\" src=\"https:\/\/pragmasoft.be\/fr\/wp-content\/uploads\/2025\/06\/biodeversite.png\" alt=\"\" class=\"has-border-color has-nv-dark-bg-border-color wp-image-326\" style=\"border-width:1px;width:250px\" srcset=\"https:\/\/pragmasoft.be\/fr\/wp-content\/uploads\/2025\/06\/biodeversite.png 1279w, https:\/\/pragmasoft.be\/fr\/wp-content\/uploads\/2025\/06\/biodeversite-300x209.png 300w, https:\/\/pragmasoft.be\/fr\/wp-content\/uploads\/2025\/06\/biodeversite-1024x713.png 1024w, https:\/\/pragmasoft.be\/fr\/wp-content\/uploads\/2025\/06\/biodeversite-768x534.png 768w, https:\/\/pragmasoft.be\/fr\/wp-content\/uploads\/2025\/06\/biodeversite-24x17.png 24w, https:\/\/pragmasoft.be\/fr\/wp-content\/uploads\/2025\/06\/biodeversite-36x25.png 36w, https:\/\/pragmasoft.be\/fr\/wp-content\/uploads\/2025\/06\/biodeversite-48x33.png 48w\" sizes=\"auto, (max-width: 1279px) 100vw, 1279px\" \/><figcaption class=\"wp-element-caption\"><em><sup>BiodEversit\u00e9<\/sup><\/em><\/figcaption><\/figure>\n<\/div><\/div>\n<\/div>\n\n\n\n<div style=\"height:40px\" aria-hidden=\"true\" class=\"wp-block-spacer\"><\/div>\n\n\n\n<hr class=\"wp-block-separator has-alpha-channel-opacity\"\/>\n\n\n\n<div style=\"height:20px\" aria-hidden=\"true\" class=\"wp-block-spacer\"><\/div>\n\n\n\n<p><\/p>\n","protected":false},"excerpt":{"rendered":"<p>Aujourd&rsquo;hui, Pragmasoft d\u00e9veloppe les sites internet essentiellement avec WordPress. Cet outil permet de rencontrer la majorit\u00e9 des besoins de base. Au besoin, des plugins sp\u00e9cifiques peuvent \u00eatre d\u00e9velopp\u00e9s et ajout\u00e9s \u00e0 WordPress. Mais d&rsquo;autres d\u00e9veloppements sont possibles. Pragmasoft travaille \u00e0 des tarifs tr\u00e8s comp\u00e9titifs et parfois b\u00e9n\u00e9volement pour des sites \u00e0 vocation humanitaire, sociale, didactique&hellip;&nbsp;<a href=\"https:\/\/pragmasoft.be\/fr\/sites-internet\/\" rel=\"bookmark\"><span class=\"screen-reader-text\">Sites internet &amp; d\u00e9veloppement<\/span><\/a><\/p>\n","protected":false},"author":1,"featured_media":0,"parent":0,"menu_order":0,"comment_status":"closed","ping_status":"closed","template":"","meta":{"neve_meta_sidebar":"","neve_meta_container":"","neve_meta_enable_content_width":"","neve_meta_content_width":0,"neve_meta_title_alignment":"","neve_meta_author_avatar":"","neve_post_elements_order":"","neve_meta_disable_header":"","neve_meta_disable_footer":"","neve_meta_disable_title":"","footnotes":""},"class_list":["post-146","page","type-page","status-publish","hentry"],"_links":{"self":[{"href":"https:\/\/pragmasoft.be\/fr\/wp-json\/wp\/v2\/pages\/146","targetHints":{"allow":["GET"]}}],"collection":[{"href":"https:\/\/pragmasoft.be\/fr\/wp-json\/wp\/v2\/pages"}],"about":[{"href":"https:\/\/pragmasoft.be\/fr\/wp-json\/wp\/v2\/types\/page"}],"author":[{"embeddable":true,"href":"https:\/\/pragmasoft.be\/fr\/wp-json\/wp\/v2\/users\/1"}],"replies":[{"embeddable":true,"href":"https:\/\/pragmasoft.be\/fr\/wp-json\/wp\/v2\/comments?post=146"}],"version-history":[{"count":19,"href":"https:\/\/pragmasoft.be\/fr\/wp-json\/wp\/v2\/pages\/146\/revisions"}],"predecessor-version":[{"id":675,"href":"https:\/\/pragmasoft.be\/fr\/wp-json\/wp\/v2\/pages\/146\/revisions\/675"}],"wp:attachment":[{"href":"https:\/\/pragmasoft.be\/fr\/wp-json\/wp\/v2\/media?parent=146"}],"curies":[{"name":"wp","href":"https:\/\/api.w.org\/{rel}","templated":true}]}}