{"id":148,"date":"2025-06-25T19:06:59","date_gmt":"2025-06-25T17:06:59","guid":{"rendered":"https:\/\/pragmasoft.be\/fr\/?page_id=148"},"modified":"2025-06-26T16:29:56","modified_gmt":"2025-06-26T14:29:56","slug":"ergonomie-2","status":"publish","type":"page","link":"https:\/\/pragmasoft.be\/fr\/ergonomie-2\/","title":{"rendered":"Ergonomie"},"content":{"rendered":"\n<figure class=\"wp-block-image size-full is-resized\"><img loading=\"lazy\" decoding=\"async\" width=\"93\" height=\"85\" src=\"https:\/\/pragmasoft.be\/fr\/wp-content\/uploads\/2025\/06\/ergonomie.png\" alt=\"\" class=\"wp-image-122\" style=\"width:93px;height:auto\" srcset=\"https:\/\/pragmasoft.be\/fr\/wp-content\/uploads\/2025\/06\/ergonomie.png 93w, https:\/\/pragmasoft.be\/fr\/wp-content\/uploads\/2025\/06\/ergonomie-24x22.png 24w, https:\/\/pragmasoft.be\/fr\/wp-content\/uploads\/2025\/06\/ergonomie-36x33.png 36w, https:\/\/pragmasoft.be\/fr\/wp-content\/uploads\/2025\/06\/ergonomie-48x44.png 48w\" sizes=\"auto, (max-width: 93px) 100vw, 93px\" \/><\/figure>\n\n\n\n<div style=\"height:40px\" aria-hidden=\"true\" class=\"wp-block-spacer\"><\/div>\n\n\n\n<div class=\"wp-block-columns is-layout-flex wp-container-core-columns-is-layout-9d6595d7 wp-block-columns-is-layout-flex\">\n<div class=\"wp-block-column is-layout-flow wp-block-column-is-layout-flow\" style=\"padding-right:var(--wp--preset--spacing--40);flex-basis:60%\">\n<h3 class=\"wp-block-heading\">L&rsquo;ergonomie logicielle<\/h3>\n\n\n\n<p>L\u2019ergonomie logicielle a pour objet plus pr\u00e9cis d\u2019\u00e9tudier et d\u2019am\u00e9liorer les<strong> interfaces \u00e9crans<\/strong> de fa\u00e7on \u00e0 les rendre plus performants pour l\u2019utilisateur. Le \u201clook &amp; feel\u201d d\u2019une application est en fait l\u2019\u00e9l\u00e9ment le plus important pour l\u2019utilisateur, hormis toute autre consid\u00e9ration.<\/p>\n\n\n\n<p>Un bon interface permet \u00e0 l&rsquo;utilisateur de se consacrer pleinement \u00e0 son m\u00e9tier. L&rsquo;informatique est alors pour lui un soutien efficace et adapt\u00e9. Elle l\u2019aide \u00e0 mieux exercer son travail et lui apporte une nette plus-value.<\/p>\n\n\n\n<p>C\u00f4t\u00e9 utilisateur-consommateur, un \u00e9cran soign\u00e9 et convivial, ergonomique et naturel, est incontournable pour r\u00e9aliser des ventes ou s&rsquo;assurer que l&rsquo;outil sera utilis\u00e9 pleinement.<\/p>\n<\/div>\n\n\n\n<div class=\"wp-block-column is-layout-flow wp-block-column-is-layout-flow\" style=\"flex-basis:40%\"><div class=\"wp-block-image\">\n<figure class=\"aligncenter size-large is-resized\"><a href=\"https:\/\/pragmasoft.be\/fr\/wp-content\/uploads\/2025\/06\/controles.png\"><img loading=\"lazy\" decoding=\"async\" width=\"769\" height=\"1024\" src=\"https:\/\/pragmasoft.be\/fr\/wp-content\/uploads\/2025\/06\/controles-769x1024.png\" alt=\"\" class=\"wp-image-427\" style=\"width:294px;height:auto\" srcset=\"https:\/\/pragmasoft.be\/fr\/wp-content\/uploads\/2025\/06\/controles-769x1024.png 769w, https:\/\/pragmasoft.be\/fr\/wp-content\/uploads\/2025\/06\/controles-225x300.png 225w, https:\/\/pragmasoft.be\/fr\/wp-content\/uploads\/2025\/06\/controles-768x1022.png 768w, https:\/\/pragmasoft.be\/fr\/wp-content\/uploads\/2025\/06\/controles-1154x1536.png 1154w, https:\/\/pragmasoft.be\/fr\/wp-content\/uploads\/2025\/06\/controles-18x24.png 18w, https:\/\/pragmasoft.be\/fr\/wp-content\/uploads\/2025\/06\/controles-27x36.png 27w, https:\/\/pragmasoft.be\/fr\/wp-content\/uploads\/2025\/06\/controles-36x48.png 36w, https:\/\/pragmasoft.be\/fr\/wp-content\/uploads\/2025\/06\/controles.png 1310w\" sizes=\"auto, (max-width: 769px) 100vw, 769px\" \/><\/a><figcaption class=\"wp-element-caption\"><em><sup>Choix des contr\u00f4les<\/sup><\/em><\/figcaption><\/figure>\n<\/div><\/div>\n<\/div>\n\n\n\n<p><\/p>\n\n\n\n<div style=\"height:25px\" aria-hidden=\"true\" class=\"wp-block-spacer\"><\/div>\n\n\n\n<h3 class=\"wp-block-heading\">Notre proposition<\/h3>\n\n\n\n<p>Notre \u00e9quipe de sp\u00e9cialistes (informaticien-ergonome, psycho-p\u00e9dagogue, enseignant&#8230;) vous propose :<\/p>\n\n\n\n<ul class=\"wp-block-list\">\n<li>Consultance et expertise en ergonomie<\/li>\n\n\n\n<li>Expertise d&rsquo;\u00e9crans existants (sites webs, applications, &#8230;)<\/li>\n\n\n\n<li>D\u00e9veloppement de structures d&rsquo;\u00e9crans ergonomiques<\/li>\n\n\n\n<li>Tests utilisateurs<\/li>\n\n\n\n<li>Ergonomie g\u00e9n\u00e9rale : \u00e9crans, proc\u00e9dures, manuels, fichiers d&rsquo;aide&#8230;<\/li>\n<\/ul>\n\n\n\n<div class=\"wp-block-buttons is-layout-flex wp-block-buttons-is-layout-flex\">\n<div class=\"wp-block-button is-style-primary\"><a class=\"wp-block-button__link wp-element-button\" href=\"https:\/\/pragmasoft.be\/fr\/contact\/\">Contactez-nous avec vos projets !<\/a><\/div>\n<\/div>\n\n\n\n<div style=\"height:40px\" aria-hidden=\"true\" class=\"wp-block-spacer\"><\/div>\n","protected":false},"excerpt":{"rendered":"<p>L&rsquo;ergonomie logicielle L\u2019ergonomie logicielle a pour objet plus pr\u00e9cis d\u2019\u00e9tudier et d\u2019am\u00e9liorer les interfaces \u00e9crans de fa\u00e7on \u00e0 les rendre plus performants pour l\u2019utilisateur. Le \u201clook &amp; feel\u201d d\u2019une application est en fait l\u2019\u00e9l\u00e9ment le plus important pour l\u2019utilisateur, hormis toute autre consid\u00e9ration. Un bon interface permet \u00e0 l&rsquo;utilisateur de se consacrer pleinement \u00e0 son&hellip;&nbsp;<a href=\"https:\/\/pragmasoft.be\/fr\/ergonomie-2\/\" rel=\"bookmark\"><span class=\"screen-reader-text\">Ergonomie<\/span><\/a><\/p>\n","protected":false},"author":1,"featured_media":0,"parent":0,"menu_order":0,"comment_status":"closed","ping_status":"closed","template":"","meta":{"neve_meta_sidebar":"","neve_meta_container":"","neve_meta_enable_content_width":"","neve_meta_content_width":0,"neve_meta_title_alignment":"","neve_meta_author_avatar":"","neve_post_elements_order":"","neve_meta_disable_header":"","neve_meta_disable_footer":"","neve_meta_disable_title":"","footnotes":""},"class_list":["post-148","page","type-page","status-publish","hentry"],"_links":{"self":[{"href":"https:\/\/pragmasoft.be\/fr\/wp-json\/wp\/v2\/pages\/148","targetHints":{"allow":["GET"]}}],"collection":[{"href":"https:\/\/pragmasoft.be\/fr\/wp-json\/wp\/v2\/pages"}],"about":[{"href":"https:\/\/pragmasoft.be\/fr\/wp-json\/wp\/v2\/types\/page"}],"author":[{"embeddable":true,"href":"https:\/\/pragmasoft.be\/fr\/wp-json\/wp\/v2\/users\/1"}],"replies":[{"embeddable":true,"href":"https:\/\/pragmasoft.be\/fr\/wp-json\/wp\/v2\/comments?post=148"}],"version-history":[{"count":6,"href":"https:\/\/pragmasoft.be\/fr\/wp-json\/wp\/v2\/pages\/148\/revisions"}],"predecessor-version":[{"id":435,"href":"https:\/\/pragmasoft.be\/fr\/wp-json\/wp\/v2\/pages\/148\/revisions\/435"}],"wp:attachment":[{"href":"https:\/\/pragmasoft.be\/fr\/wp-json\/wp\/v2\/media?parent=148"}],"curies":[{"name":"wp","href":"https:\/\/api.w.org\/{rel}","templated":true}]}}