{"id":150,"date":"2025-06-25T19:07:20","date_gmt":"2025-06-25T17:07:20","guid":{"rendered":"https:\/\/pragmasoft.be\/fr\/?page_id=150"},"modified":"2025-06-26T18:08:52","modified_gmt":"2025-06-26T16:08:52","slug":"formation-2","status":"publish","type":"page","link":"https:\/\/pragmasoft.be\/fr\/formation-2\/","title":{"rendered":"Formations &amp; syllabus"},"content":{"rendered":"\n<figure class=\"wp-block-image size-full\"><img loading=\"lazy\" decoding=\"async\" width=\"93\" height=\"101\" src=\"https:\/\/pragmasoft.be\/fr\/wp-content\/uploads\/2025\/06\/formation.png\" alt=\"\" class=\"wp-image-123\" srcset=\"https:\/\/pragmasoft.be\/fr\/wp-content\/uploads\/2025\/06\/formation.png 93w, https:\/\/pragmasoft.be\/fr\/wp-content\/uploads\/2025\/06\/formation-22x24.png 22w, https:\/\/pragmasoft.be\/fr\/wp-content\/uploads\/2025\/06\/formation-33x36.png 33w, https:\/\/pragmasoft.be\/fr\/wp-content\/uploads\/2025\/06\/formation-44x48.png 44w\" sizes=\"auto, (max-width: 93px) 100vw, 93px\" \/><\/figure>\n\n\n\n<div style=\"height:40px\" aria-hidden=\"true\" class=\"wp-block-spacer\"><\/div>\n\n\n\n<div class=\"wp-block-columns is-layout-flex wp-container-core-columns-is-layout-9d6595d7 wp-block-columns-is-layout-flex\">\n<div class=\"wp-block-column is-vertically-aligned-center is-layout-flow wp-block-column-is-layout-flow\" style=\"padding-right:var(--wp--preset--spacing--40);flex-basis:60%\">\n<p>Notre formateur (enseignant de formation) met sur pied votre <strong>formation<\/strong> et vos <strong>supports de cours<\/strong> avec vos desideratas dans les domaines suivants :<\/p>\n\n\n\n<ul class=\"wp-block-list\">\n<li>Bureautique : suite Libre-office<\/li>\n\n\n\n<li>Initiation aux logiciels libres (Gimp, Inkscape, Draw, WordPress&#8230;)<\/li>\n\n\n\n<li>Ergonomie et communication visuelle<\/li>\n\n\n\n<li>Initiation \u00e0 Linux<\/li>\n\n\n\n<li>Linux pour utilisateurs avanc\u00e9s Windows <\/li>\n<\/ul>\n<\/div>\n\n\n\n<div class=\"wp-block-column is-layout-flow wp-block-column-is-layout-flow\" style=\"flex-basis:40%\"><div class=\"wp-block-image\">\n<figure class=\"aligncenter size-large has-custom-border\"><a href=\"https:\/\/pragmasoft.be\/fr\/wp-content\/uploads\/2025\/06\/cours_linux.png\"><img loading=\"lazy\" decoding=\"async\" width=\"1024\" height=\"766\" src=\"https:\/\/pragmasoft.be\/fr\/wp-content\/uploads\/2025\/06\/cours_linux-1024x766.png\" alt=\"\" class=\"has-border-color has-nv-dark-bg-border-color wp-image-462\" style=\"border-width:1px\" srcset=\"https:\/\/pragmasoft.be\/fr\/wp-content\/uploads\/2025\/06\/cours_linux-1024x766.png 1024w, https:\/\/pragmasoft.be\/fr\/wp-content\/uploads\/2025\/06\/cours_linux-300x224.png 300w, https:\/\/pragmasoft.be\/fr\/wp-content\/uploads\/2025\/06\/cours_linux-768x574.png 768w, https:\/\/pragmasoft.be\/fr\/wp-content\/uploads\/2025\/06\/cours_linux-1536x1149.png 1536w, https:\/\/pragmasoft.be\/fr\/wp-content\/uploads\/2025\/06\/cours_linux-24x18.png 24w, https:\/\/pragmasoft.be\/fr\/wp-content\/uploads\/2025\/06\/cours_linux-36x27.png 36w, https:\/\/pragmasoft.be\/fr\/wp-content\/uploads\/2025\/06\/cours_linux-48x36.png 48w, https:\/\/pragmasoft.be\/fr\/wp-content\/uploads\/2025\/06\/cours_linux.png 1702w\" sizes=\"auto, (max-width: 1024px) 100vw, 1024px\" \/><\/a><\/figure>\n<\/div><\/div>\n<\/div>\n\n\n\n<p><strong>D&rsquo;autres sujets peuvent \u00eatre abord\u00e9s bien s\u00fbr <\/strong>: notre formateur est exp\u00e9riment\u00e9 et aguerri !<\/p>\n\n\n\n<div style=\"height:25px\" aria-hidden=\"true\" class=\"wp-block-spacer\"><\/div>\n\n\n\n<div class=\"wp-block-buttons is-layout-flex wp-block-buttons-is-layout-flex\">\n<div class=\"wp-block-button is-style-primary\"><a class=\"wp-block-button__link wp-element-button\" href=\"https:\/\/pragmasoft.be\/fr\/contact\/\">Contactez-nous !<\/a><\/div>\n<\/div>\n\n\n\n<p><\/p>\n","protected":false},"excerpt":{"rendered":"<p>Notre formateur (enseignant de formation) met sur pied votre formation et vos supports de cours avec vos desideratas dans les domaines suivants : D&rsquo;autres sujets peuvent \u00eatre abord\u00e9s bien s\u00fbr : notre formateur est exp\u00e9riment\u00e9 et aguerri !<\/p>\n","protected":false},"author":1,"featured_media":0,"parent":0,"menu_order":0,"comment_status":"closed","ping_status":"closed","template":"","meta":{"neve_meta_sidebar":"","neve_meta_container":"","neve_meta_enable_content_width":"","neve_meta_content_width":0,"neve_meta_title_alignment":"","neve_meta_author_avatar":"","neve_post_elements_order":"","neve_meta_disable_header":"","neve_meta_disable_footer":"","neve_meta_disable_title":"","footnotes":""},"class_list":["post-150","page","type-page","status-publish","hentry"],"_links":{"self":[{"href":"https:\/\/pragmasoft.be\/fr\/wp-json\/wp\/v2\/pages\/150","targetHints":{"allow":["GET"]}}],"collection":[{"href":"https:\/\/pragmasoft.be\/fr\/wp-json\/wp\/v2\/pages"}],"about":[{"href":"https:\/\/pragmasoft.be\/fr\/wp-json\/wp\/v2\/types\/page"}],"author":[{"embeddable":true,"href":"https:\/\/pragmasoft.be\/fr\/wp-json\/wp\/v2\/users\/1"}],"replies":[{"embeddable":true,"href":"https:\/\/pragmasoft.be\/fr\/wp-json\/wp\/v2\/comments?post=150"}],"version-history":[{"count":8,"href":"https:\/\/pragmasoft.be\/fr\/wp-json\/wp\/v2\/pages\/150\/revisions"}],"predecessor-version":[{"id":468,"href":"https:\/\/pragmasoft.be\/fr\/wp-json\/wp\/v2\/pages\/150\/revisions\/468"}],"wp:attachment":[{"href":"https:\/\/pragmasoft.be\/fr\/wp-json\/wp\/v2\/media?parent=150"}],"curies":[{"name":"wp","href":"https:\/\/api.w.org\/{rel}","templated":true}]}}