{"id":152,"date":"2025-06-25T19:07:40","date_gmt":"2025-06-25T17:07:40","guid":{"rendered":"https:\/\/pragmasoft.be\/fr\/?page_id=152"},"modified":"2025-12-29T08:49:35","modified_gmt":"2025-12-29T07:49:35","slug":"plans-devacuation","status":"publish","type":"page","link":"https:\/\/pragmasoft.be\/fr\/plans-devacuation\/","title":{"rendered":"Plans d&rsquo;\u00e9vacuation"},"content":{"rendered":"\n<figure class=\"wp-block-image size-full is-resized\"><img loading=\"lazy\" decoding=\"async\" width=\"500\" height=\"347\" src=\"https:\/\/pragmasoft.be\/fr\/wp-content\/uploads\/2025\/06\/rs_annexe_sud_0_demo.png\" alt=\"\" class=\"wp-image-139\" style=\"width:auto;height:100px\" srcset=\"https:\/\/pragmasoft.be\/fr\/wp-content\/uploads\/2025\/06\/rs_annexe_sud_0_demo.png 500w, https:\/\/pragmasoft.be\/fr\/wp-content\/uploads\/2025\/06\/rs_annexe_sud_0_demo-300x208.png 300w, https:\/\/pragmasoft.be\/fr\/wp-content\/uploads\/2025\/06\/rs_annexe_sud_0_demo-24x17.png 24w, https:\/\/pragmasoft.be\/fr\/wp-content\/uploads\/2025\/06\/rs_annexe_sud_0_demo-36x25.png 36w, https:\/\/pragmasoft.be\/fr\/wp-content\/uploads\/2025\/06\/rs_annexe_sud_0_demo-48x33.png 48w\" sizes=\"auto, (max-width: 500px) 100vw, 500px\" \/><\/figure>\n\n\n\n<div style=\"height:40px\" aria-hidden=\"true\" class=\"wp-block-spacer\"><\/div>\n\n\n\n<h3 class=\"wp-block-heading\">Un expert \u00e0 votre service !<\/h3>\n\n\n\n<p>La l\u00e9gislation belge impose que chaque \u00e9tage d&rsquo;un b\u00e2timent ouvert au public soit muni d&rsquo;un <strong>plan d&rsquo;\u00e9vacuation<\/strong>.<\/p>\n\n\n\n<div class=\"wp-block-columns is-layout-flex wp-container-core-columns-is-layout-9d6595d7 wp-block-columns-is-layout-flex\">\n<div class=\"wp-block-column is-layout-flow wp-block-column-is-layout-flow\" style=\"padding-right:var(--wp--preset--spacing--40);flex-basis:60%\">\n<p><span style=\"text-decoration: underline;\">Ces plans doivent r\u00e9pondre \u00e0 une s\u00e9rie de normes pr\u00e9cises :<\/span><\/p>\n\n\n\n<ul class=\"wp-block-list\">\n<li>Code du Bien-Etre (arr\u00eat\u00e9 royal mars 2014)<\/li>\n\n\n\n<li>Normes ISO-23601, ISO-7010 et ISO-3864<\/li>\n\n\n\n<li>Dimensions, format papier, \u00e9chelle, \u00e9paisseurs des traits<\/li>\n\n\n\n<li>Polices de caract\u00e8res et tailles<\/li>\n\n\n\n<li>Couleurs<\/li>\n\n\n\n<li>Pictogrammes<\/li>\n\n\n\n<li>Eclairage<\/li>\n\n\n\n<li>Positionnement, orientation<\/li>\n<\/ul>\n<\/div>\n\n\n\n<div class=\"wp-block-column is-layout-flow wp-block-column-is-layout-flow\" style=\"flex-basis:40%\"><div class=\"wp-block-image\">\n<figure class=\"aligncenter size-full\"><a href=\"https:\/\/pragmasoft.be\/fr\/wp-content\/uploads\/2025\/06\/rs_annexe_sud_0_demo-1.png\"><img loading=\"lazy\" decoding=\"async\" width=\"500\" height=\"347\" src=\"https:\/\/pragmasoft.be\/fr\/wp-content\/uploads\/2025\/06\/rs_annexe_sud_0_demo-1.png\" alt=\"\" class=\"wp-image-412\" srcset=\"https:\/\/pragmasoft.be\/fr\/wp-content\/uploads\/2025\/06\/rs_annexe_sud_0_demo-1.png 500w, https:\/\/pragmasoft.be\/fr\/wp-content\/uploads\/2025\/06\/rs_annexe_sud_0_demo-1-300x208.png 300w, https:\/\/pragmasoft.be\/fr\/wp-content\/uploads\/2025\/06\/rs_annexe_sud_0_demo-1-24x17.png 24w, https:\/\/pragmasoft.be\/fr\/wp-content\/uploads\/2025\/06\/rs_annexe_sud_0_demo-1-36x25.png 36w, https:\/\/pragmasoft.be\/fr\/wp-content\/uploads\/2025\/06\/rs_annexe_sud_0_demo-1-48x33.png 48w\" sizes=\"auto, (max-width: 500px) 100vw, 500px\" \/><\/a><figcaption class=\"wp-element-caption\"><em><sup>Exemple de plan d&rsquo;\u00e9vacuation<\/sup><\/em><br><em><sup>Copyright&nbsp;\u00a9 2020 &#8211; Pragmasoft<\/sup><\/em><\/figcaption><\/figure>\n<\/div><\/div>\n<\/div>\n\n\n\n<div style=\"height:20px\" aria-hidden=\"true\" class=\"wp-block-spacer\"><\/div>\n\n\n\n<p>Notre <strong>conseiller en pr\u00e9vention \u00ab\u00a0S\u00e9curit\u00e9 &#8211; Bien-\u00eatre au travail\u00a0\u00bb<\/strong> r\u00e9alise vos plans d&rsquo;\u00e9vacuation (Belgique uniquement) \u00e0 partir de vos plans d&rsquo;architecte et de visites sur le terrain. Lors de la visite, divers conseils de pr\u00e9vention peuvent \u00eatre donn\u00e9s concernant les moyens de lutte contre le feu (nature, quantit\u00e9, disposition, &#8230;), les proc\u00e9dures et chemins d&rsquo;\u00e9vacuation, le compartimentage&#8230;<\/p>\n\n\n\n<div class=\"wp-block-buttons is-layout-flex wp-block-buttons-is-layout-flex\">\n<div class=\"wp-block-button is-style-primary\"><a class=\"wp-block-button__link wp-element-button\" href=\"https:\/\/pragmasoft.be\/fr\/contact\/\">  Contactez-nous pour un devis !   <\/a><\/div>\n<\/div>\n\n\n\n<div style=\"height:20px\" aria-hidden=\"true\" class=\"wp-block-spacer\"><\/div>\n\n\n\n<p><\/p>\n","protected":false},"excerpt":{"rendered":"<p>Un expert \u00e0 votre service ! La l\u00e9gislation belge impose que chaque \u00e9tage d&rsquo;un b\u00e2timent ouvert au public soit muni d&rsquo;un plan d&rsquo;\u00e9vacuation. Ces plans doivent r\u00e9pondre \u00e0 une s\u00e9rie de normes pr\u00e9cises : Notre conseiller en pr\u00e9vention \u00ab\u00a0S\u00e9curit\u00e9 &#8211; Bien-\u00eatre au travail\u00a0\u00bb r\u00e9alise vos plans d&rsquo;\u00e9vacuation (Belgique uniquement) \u00e0 partir de vos plans d&rsquo;architecte&hellip;&nbsp;<a href=\"https:\/\/pragmasoft.be\/fr\/plans-devacuation\/\" rel=\"bookmark\"><span class=\"screen-reader-text\">Plans d&rsquo;\u00e9vacuation<\/span><\/a><\/p>\n","protected":false},"author":1,"featured_media":0,"parent":0,"menu_order":0,"comment_status":"closed","ping_status":"closed","template":"","meta":{"neve_meta_sidebar":"","neve_meta_container":"","neve_meta_enable_content_width":"","neve_meta_content_width":0,"neve_meta_title_alignment":"","neve_meta_author_avatar":"","neve_post_elements_order":"","neve_meta_disable_header":"","neve_meta_disable_footer":"","neve_meta_disable_title":"","footnotes":""},"class_list":["post-152","page","type-page","status-publish","hentry"],"_links":{"self":[{"href":"https:\/\/pragmasoft.be\/fr\/wp-json\/wp\/v2\/pages\/152","targetHints":{"allow":["GET"]}}],"collection":[{"href":"https:\/\/pragmasoft.be\/fr\/wp-json\/wp\/v2\/pages"}],"about":[{"href":"https:\/\/pragmasoft.be\/fr\/wp-json\/wp\/v2\/types\/page"}],"author":[{"embeddable":true,"href":"https:\/\/pragmasoft.be\/fr\/wp-json\/wp\/v2\/users\/1"}],"replies":[{"embeddable":true,"href":"https:\/\/pragmasoft.be\/fr\/wp-json\/wp\/v2\/comments?post=152"}],"version-history":[{"count":7,"href":"https:\/\/pragmasoft.be\/fr\/wp-json\/wp\/v2\/pages\/152\/revisions"}],"predecessor-version":[{"id":773,"href":"https:\/\/pragmasoft.be\/fr\/wp-json\/wp\/v2\/pages\/152\/revisions\/773"}],"wp:attachment":[{"href":"https:\/\/pragmasoft.be\/fr\/wp-json\/wp\/v2\/media?parent=152"}],"curies":[{"name":"wp","href":"https:\/\/api.w.org\/{rel}","templated":true}]}}