{"id":154,"date":"2025-06-25T19:18:03","date_gmt":"2025-06-25T17:18:03","guid":{"rendered":"https:\/\/pragmasoft.be\/fr\/?page_id=154"},"modified":"2025-06-26T15:31:12","modified_gmt":"2025-06-26T13:31:12","slug":"tutoriels-didacticiels-dev","status":"publish","type":"page","link":"https:\/\/pragmasoft.be\/fr\/tutoriels-didacticiels-dev\/","title":{"rendered":"Tutoriels &amp; didacticiels"},"content":{"rendered":"\n<figure class=\"wp-block-image size-full\"><img loading=\"lazy\" decoding=\"async\" width=\"93\" height=\"92\" src=\"https:\/\/pragmasoft.be\/fr\/wp-content\/uploads\/2025\/06\/didacticiels.png\" alt=\"\" class=\"wp-image-121\" srcset=\"https:\/\/pragmasoft.be\/fr\/wp-content\/uploads\/2025\/06\/didacticiels.png 93w, https:\/\/pragmasoft.be\/fr\/wp-content\/uploads\/2025\/06\/didacticiels-24x24.png 24w, https:\/\/pragmasoft.be\/fr\/wp-content\/uploads\/2025\/06\/didacticiels-36x36.png 36w, https:\/\/pragmasoft.be\/fr\/wp-content\/uploads\/2025\/06\/didacticiels-48x48.png 48w\" sizes=\"auto, (max-width: 93px) 100vw, 93px\" \/><\/figure>\n\n\n\n<div class=\"wp-block-columns is-layout-flex wp-container-core-columns-is-layout-9d6595d7 wp-block-columns-is-layout-flex\">\n<div class=\"wp-block-column is-vertically-aligned-center is-layout-flow wp-block-column-is-layout-flow\" style=\"padding-right:var(--wp--preset--spacing--40);flex-basis:60%\">\n<p>Outre des sujets qui nous tiennent \u00e0 coeur et qui sont en cours de d\u00e9veloppement (syst\u00e8mes hydrauliques, jeux de logique&#8230;), nous sommes pr\u00eats \u00e0 \u00e9tudier avec vous toute demande de d\u00e9veloppement !<\/p>\n\n\n\n<p>Nous r\u00e9alisons aussi des <strong>supports p\u00e9dagogiques<\/strong> de tout ordre en support \u00e0 vos formations, ou sur demande.<\/p>\n\n\n\n<div class=\"wp-block-buttons is-layout-flex wp-block-buttons-is-layout-flex\">\n<div class=\"wp-block-button is-style-primary\"><a class=\"wp-block-button__link wp-element-button\" href=\"https:\/\/pragmasoft.be\/fr\/contact\/\">  Parlez-nous de votre projet !  <\/a><\/div>\n<\/div>\n<\/div>\n\n\n\n<div class=\"wp-block-column is-layout-flow wp-block-column-is-layout-flow\" style=\"flex-basis:40%\"><div class=\"wp-block-image\">\n<figure class=\"aligncenter size-full has-custom-border\"><a href=\"https:\/\/pragmasoft.be\/fr\/wp-content\/uploads\/2025\/06\/ecluse_pres2.png\"><img loading=\"lazy\" decoding=\"async\" width=\"1000\" height=\"725\" src=\"https:\/\/pragmasoft.be\/fr\/wp-content\/uploads\/2025\/06\/ecluse_pres2.png\" alt=\"\" class=\"has-border-color has-nv-dark-bg-border-color wp-image-338\" style=\"border-width:1px\" srcset=\"https:\/\/pragmasoft.be\/fr\/wp-content\/uploads\/2025\/06\/ecluse_pres2.png 1000w, https:\/\/pragmasoft.be\/fr\/wp-content\/uploads\/2025\/06\/ecluse_pres2-300x218.png 300w, https:\/\/pragmasoft.be\/fr\/wp-content\/uploads\/2025\/06\/ecluse_pres2-768x557.png 768w, https:\/\/pragmasoft.be\/fr\/wp-content\/uploads\/2025\/06\/ecluse_pres2-24x17.png 24w, https:\/\/pragmasoft.be\/fr\/wp-content\/uploads\/2025\/06\/ecluse_pres2-36x26.png 36w, https:\/\/pragmasoft.be\/fr\/wp-content\/uploads\/2025\/06\/ecluse_pres2-48x35.png 48w\" sizes=\"auto, (max-width: 1000px) 100vw, 1000px\" \/><\/a><figcaption class=\"wp-element-caption\"><em><sup>Simulation d&rsquo;\u00e9cluse<\/sup><\/em><\/figcaption><\/figure>\n<\/div><\/div>\n<\/div>\n\n\n\n<div style=\"height:20px\" aria-hidden=\"true\" class=\"wp-block-spacer\"><\/div>\n\n\n\n<h3 class=\"wp-block-heading\">D\u00e9veloppement de didacticiels, tutoriels, supports p\u00e9dagogiques&#8230;<\/h3>\n\n\n\n<ul class=\"wp-block-list\">\n<li>Modules d&rsquo;EAO (Enseignement Assist\u00e9 par Ordinateur)<\/li>\n\n\n\n<li>D\u00e9monstrations interactives<\/li>\n\n\n\n<li>Simulations<\/li>\n\n\n\n<li>Didacticiels, exerciseurs\u2026<\/li>\n\n\n\n<li>Tutoriels et brochures didactiques de tout ordre<\/li>\n\n\n\n<li>Press-books<\/li>\n\n\n\n<li>Conseil et consultance en p\u00e9dagogie<\/li>\n<\/ul>\n\n\n\n<div style=\"height:20px\" aria-hidden=\"true\" class=\"wp-block-spacer\"><\/div>\n\n\n\n<div class=\"wp-block-buttons is-layout-flex wp-block-buttons-is-layout-flex\">\n<div class=\"wp-block-button is-style-primary\"><a class=\"wp-block-button__link wp-element-button\" href=\"https:\/\/pragmasoft.be\/fr\/didacticiels-tutoriels-prod\/\">  Nos r\u00e9alisations !  <\/a><\/div>\n<\/div>\n\n\n\n<div style=\"height:20px\" aria-hidden=\"true\" class=\"wp-block-spacer\"><\/div>\n\n\n\n<p><\/p>\n","protected":false},"excerpt":{"rendered":"<p>Outre des sujets qui nous tiennent \u00e0 coeur et qui sont en cours de d\u00e9veloppement (syst\u00e8mes hydrauliques, jeux de logique&#8230;), nous sommes pr\u00eats \u00e0 \u00e9tudier avec vous toute demande de d\u00e9veloppement ! Nous r\u00e9alisons aussi des supports p\u00e9dagogiques de tout ordre en support \u00e0 vos formations, ou sur demande. D\u00e9veloppement de didacticiels, tutoriels, supports p\u00e9dagogiques&#8230;<\/p>\n","protected":false},"author":1,"featured_media":0,"parent":0,"menu_order":0,"comment_status":"closed","ping_status":"closed","template":"","meta":{"neve_meta_sidebar":"","neve_meta_container":"","neve_meta_enable_content_width":"","neve_meta_content_width":0,"neve_meta_title_alignment":"","neve_meta_author_avatar":"","neve_post_elements_order":"","neve_meta_disable_header":"","neve_meta_disable_footer":"","neve_meta_disable_title":"","footnotes":""},"class_list":["post-154","page","type-page","status-publish","hentry"],"_links":{"self":[{"href":"https:\/\/pragmasoft.be\/fr\/wp-json\/wp\/v2\/pages\/154","targetHints":{"allow":["GET"]}}],"collection":[{"href":"https:\/\/pragmasoft.be\/fr\/wp-json\/wp\/v2\/pages"}],"about":[{"href":"https:\/\/pragmasoft.be\/fr\/wp-json\/wp\/v2\/types\/page"}],"author":[{"embeddable":true,"href":"https:\/\/pragmasoft.be\/fr\/wp-json\/wp\/v2\/users\/1"}],"replies":[{"embeddable":true,"href":"https:\/\/pragmasoft.be\/fr\/wp-json\/wp\/v2\/comments?post=154"}],"version-history":[{"count":10,"href":"https:\/\/pragmasoft.be\/fr\/wp-json\/wp\/v2\/pages\/154\/revisions"}],"predecessor-version":[{"id":404,"href":"https:\/\/pragmasoft.be\/fr\/wp-json\/wp\/v2\/pages\/154\/revisions\/404"}],"wp:attachment":[{"href":"https:\/\/pragmasoft.be\/fr\/wp-json\/wp\/v2\/media?parent=154"}],"curies":[{"name":"wp","href":"https:\/\/api.w.org\/{rel}","templated":true}]}}