{"id":158,"date":"2025-06-25T19:18:53","date_gmt":"2025-06-25T17:18:53","guid":{"rendered":"https:\/\/pragmasoft.be\/fr\/?page_id=158"},"modified":"2025-07-21T11:51:39","modified_gmt":"2025-07-21T09:51:39","slug":"conferences-gesticulees","status":"publish","type":"page","link":"https:\/\/pragmasoft.be\/fr\/conferences-gesticulees\/","title":{"rendered":"Conf\u00e9rences sc\u00e9naris\u00e9es"},"content":{"rendered":"\n<figure class=\"wp-block-image size-full is-resized\"><img loading=\"lazy\" decoding=\"async\" width=\"800\" height=\"800\" src=\"https:\/\/pragmasoft.be\/fr\/wp-content\/uploads\/2025\/06\/magician-magic-svgrepo-com.png\" alt=\"\" class=\"wp-image-141\" style=\"width:auto;height:100px\" srcset=\"https:\/\/pragmasoft.be\/fr\/wp-content\/uploads\/2025\/06\/magician-magic-svgrepo-com.png 800w, https:\/\/pragmasoft.be\/fr\/wp-content\/uploads\/2025\/06\/magician-magic-svgrepo-com-300x300.png 300w, https:\/\/pragmasoft.be\/fr\/wp-content\/uploads\/2025\/06\/magician-magic-svgrepo-com-150x150.png 150w, https:\/\/pragmasoft.be\/fr\/wp-content\/uploads\/2025\/06\/magician-magic-svgrepo-com-768x768.png 768w, https:\/\/pragmasoft.be\/fr\/wp-content\/uploads\/2025\/06\/magician-magic-svgrepo-com-24x24.png 24w, https:\/\/pragmasoft.be\/fr\/wp-content\/uploads\/2025\/06\/magician-magic-svgrepo-com-36x36.png 36w, https:\/\/pragmasoft.be\/fr\/wp-content\/uploads\/2025\/06\/magician-magic-svgrepo-com-48x48.png 48w\" sizes=\"auto, (max-width: 800px) 100vw, 800px\" \/><\/figure>\n\n\n\n<div style=\"height:40px\" aria-hidden=\"true\" class=\"wp-block-spacer\"><\/div>\n\n\n\n<h2 class=\"wp-block-heading\">Petite introduction<\/h2>\n\n\n\n<p>En seulement <strong>3 ou 4 g\u00e9n\u00e9rations<\/strong>, l&rsquo;<strong>homme moderne<\/strong> s&rsquo;est compl\u00e8tement <strong>coup\u00e9 de ses racines et de la nature<\/strong>. Il a ainsi rompu le lien d&rsquo;avec les 100.000 g\u00e9n\u00e9rations qui l&rsquo;ont pr\u00e9c\u00e9d\u00e9 depuis <em>Homo habilis<\/em>\u2026 et d&rsquo;avec les 288.000 g\u00e9n\u00e9rations depuis Touma\u00ef !<\/p>\n\n\n\n<p>A-t-il le droit d&rsquo;interrompre ainsi cette lign\u00e9e ? N&rsquo;est-il pas un peu\u2026 <strong>trop pr\u00e9somptueux<\/strong> ?<\/p>\n\n\n\n<p>En quoi est-il plus sage que tous ceux qui l&rsquo;ont pr\u00e9c\u00e9d\u00e9 pour prendre cette d\u00e9cision d&rsquo;oublier son h\u00e9ritage ? <strong>Car la sagesse ne semble pas trop \u00eatre le fort de l&rsquo;humanit\u00e9 actuelle\u2026<\/strong><\/p>\n\n\n\n<div class=\"wp-block-columns is-layout-flex wp-container-core-columns-is-layout-9d6595d7 wp-block-columns-is-layout-flex\">\n<div class=\"wp-block-column is-vertically-aligned-center is-layout-flow wp-block-column-is-layout-flow\" style=\"padding-right:var(--wp--preset--spacing--40);flex-basis:60%\">\n<p>Quiconque va en for\u00eat avec l&rsquo;id\u00e9e de simplement allumer un feu au moyen de ses mains et de ce qui l&rsquo;entoure\u2026 ou d&rsquo;extraire du m\u00e9tal d&rsquo;une roche&#8230; va rapidement comprendre et de fa\u00e7on \u00e9difiante les d\u00e9fis auxquels se sont confront\u00e9s nos anc\u00eatres.<\/p>\n\n\n\n<p>C&rsquo;est alors une profonde admiration et un respect sinc\u00e8re pour leurs efforts et leurs coups de g\u00e9nie qui vont s&rsquo;installer doucement. La pr\u00e9cision et la m\u00e9ticulosit\u00e9 des gestes dont ils ont d\u00fb faire preuve devient \u00e9vidente.<\/p>\n\n\n\n<p>L&rsquo;imaginaire collectif de l&rsquo;homme des cavernes, brute hirsute tirant sa femme par les cheveux, va vite dispara\u00eetre&#8230; au profit de l&rsquo;image d&rsquo;un anc\u00eatre raffin\u00e9, subtil, pr\u00e9cis et intelligent.<\/p>\n<\/div>\n\n\n\n<div class=\"wp-block-column is-layout-flow wp-block-column-is-layout-flow\" style=\"flex-basis:40%\"><div class=\"wp-block-image\">\n<figure class=\"aligncenter size-large has-custom-border\"><img loading=\"lazy\" decoding=\"async\" width=\"1024\" height=\"682\" src=\"https:\/\/pragmasoft.be\/fr\/wp-content\/uploads\/2025\/06\/highway-2679490_1280-1024x682.jpg\" alt=\"\" class=\"has-border-color has-nv-dark-bg-border-color wp-image-582\" style=\"border-width:1px\" srcset=\"https:\/\/pragmasoft.be\/fr\/wp-content\/uploads\/2025\/06\/highway-2679490_1280-1024x682.jpg 1024w, https:\/\/pragmasoft.be\/fr\/wp-content\/uploads\/2025\/06\/highway-2679490_1280-300x200.jpg 300w, https:\/\/pragmasoft.be\/fr\/wp-content\/uploads\/2025\/06\/highway-2679490_1280-768x512.jpg 768w, https:\/\/pragmasoft.be\/fr\/wp-content\/uploads\/2025\/06\/highway-2679490_1280-930x620.jpg 930w, https:\/\/pragmasoft.be\/fr\/wp-content\/uploads\/2025\/06\/highway-2679490_1280-24x16.jpg 24w, https:\/\/pragmasoft.be\/fr\/wp-content\/uploads\/2025\/06\/highway-2679490_1280-36x24.jpg 36w, https:\/\/pragmasoft.be\/fr\/wp-content\/uploads\/2025\/06\/highway-2679490_1280-48x32.jpg 48w, https:\/\/pragmasoft.be\/fr\/wp-content\/uploads\/2025\/06\/highway-2679490_1280.jpg 1280w\" sizes=\"auto, (max-width: 1024px) 100vw, 1024px\" \/><\/figure>\n<\/div><\/div>\n<\/div>\n\n\n\n<div style=\"height:25px\" aria-hidden=\"true\" class=\"wp-block-spacer\"><\/div>\n\n\n\n<p>Il est quasiment assur\u00e9 aujourd&rsquo;hui que nos anc\u00eatres \u00ab\u00a0Homo\u00a0\u00bb avaient \u00e0 peu de choses pr\u00e8s la m\u00eame intelligence que nous, mais seulement moins de connaissances.<\/p>\n\n\n\n<p>En refaisant leurs gestes, en se posant leurs questions, en essayant de suivre leurs raisonnements,<strong> on se sent ensuite v\u00e9ritablement reli\u00e9 \u00e0 notre esp\u00e8ce et \u00e0 tous ceux qui nous ont pr\u00e9c\u00e9d\u00e9s<\/strong>. C&rsquo;est une des raisons d&rsquo;\u00eatre de la cr\u00e9ation de l&rsquo;<a href=\"https:\/\/www.acap.be\"><strong>ACAP<\/strong><\/a>, l&rsquo;Acad\u00e9mie des Arts Premiers.<\/p>\n\n\n\n<p><strong>Le processus de r\u00e9flexion qui s&rsquo;en est ensuivi a abouti \u00e0 la cr\u00e9ation des conf\u00e9rences sc\u00e9naris\u00e9es ci-dessous.<\/strong><\/p>\n\n\n\n<div style=\"height:25px\" aria-hidden=\"true\" class=\"wp-block-spacer\"><\/div>\n\n\n\n<h2 class=\"wp-block-heading\">Les conf\u00e9rences<\/h2>\n\n\n\n<div class=\"wp-block-columns is-layout-flex wp-container-core-columns-is-layout-9d6595d7 wp-block-columns-is-layout-flex\">\n<div class=\"wp-block-column is-vertically-aligned-center is-layout-flow wp-block-column-is-layout-flow\" style=\"padding-right:var(--wp--preset--spacing--40);flex-basis:60%\">\n<h3 class=\"wp-block-heading\">Reconnexion<\/h3>\n\n\n\n<p>Pragmasoft vous propose <strong>2 conf\u00e9rences<\/strong> d&rsquo;une heure et demie chacune, avec <strong>mise en sc\u00e8ne<\/strong> et <strong>80 kg de mat\u00e9riel didactique<\/strong> :<\/p>\n\n\n\n<ol class=\"wp-block-list\">\n<li><strong>La Terre dans l&rsquo;Univers<\/strong> &#8211; tentative d&rsquo;appr\u00e9hension des dimensions de l&rsquo;Univers&#8230; Elle est o\u00f9 la Terre ? <\/li>\n\n\n\n<li><strong>Reconnexion \u00e0 nos lign\u00e9es et \u00e0 nos anc\u00eatres<\/strong> &#8211; tentative d&rsquo;appr\u00e9hender les \u00e9chelles de temps&#8230; D&rsquo;o\u00f9 venons-nous&#8230;o\u00f9 allons-nous&#8230; ?<\/li>\n<\/ol>\n\n\n\n<p>2 conf\u00e9rences hautes en couleurs pour <strong>se resituer \u00e0 notre juste place dans l&rsquo;Univers et le Temps<\/strong>, pour se reconnecter \u00e0 l&rsquo;humilit\u00e9 et \u00e0 tous ceux et celles qui nous ont pr\u00e9c\u00e9d\u00e9s, \u00e0 leurs vies et leurs d\u00e9fis&#8230; pour que notre histoire humaine ne s&rsquo;arr\u00eate pas&#8230;<\/p>\n<\/div>\n\n\n\n<div class=\"wp-block-column is-layout-flow wp-block-column-is-layout-flow\" style=\"flex-basis:40%\"><a href=\"https:\/\/pragmasoft.be\/fr\/wp-content\/uploads\/2025\/06\/conference_2.pdf\" class=\"pdfemb-viewer\" style=\"width:800px;\" data-width=\"800\" data-height=\"max\" data-toolbar=\"bottom\" data-toolbar-fixed=\"off\">conference_2<\/a><\/div>\n<\/div>\n\n\n\n<div class=\"wp-block-buttons is-layout-flex wp-block-buttons-is-layout-flex\">\n<div class=\"wp-block-button is-style-primary\"><a class=\"wp-block-button__link wp-element-button\" href=\"https:\/\/pragmasoft.be\/fr\/contact\/\">Contactez-nous !<\/a><\/div>\n<\/div>\n\n\n\n<div style=\"height:80px\" aria-hidden=\"true\" class=\"wp-block-spacer\"><\/div>\n\n\n\n<h3 class=\"wp-block-heading\">Histoire du feu<\/h3>\n\n\n\n<div class=\"wp-block-columns is-layout-flex wp-container-core-columns-is-layout-9d6595d7 wp-block-columns-is-layout-flex\">\n<div class=\"wp-block-column is-vertically-aligned-center is-layout-flow wp-block-column-is-layout-flow\" style=\"padding-right:var(--wp--preset--spacing--40);flex-basis:60%\">\n<p>La d\u00e9couverte et la domestication du <strong>feu<\/strong> ont fa\u00e7onn\u00e9 le d\u00e9veloppement de l&rsquo;Homme.<\/p>\n\n\n\n<p>Aujourd&rsquo;hui, autour de vous, l\u00e0 maintenant, <strong>TOUT<\/strong> ou presque, tous les objets, vos v\u00eatements, tout ce qui vous entoure est li\u00e9 au <strong>feu<\/strong> !<\/p>\n\n\n\n<p>Apr\u00e8s un expos\u00e9 historique, scientifique et technique, vous apprenez \u00e0 allumer un feu au moyen de 2 techniques ancestrales.<\/p>\n\n\n\n<p><\/p>\n<\/div>\n\n\n\n<div class=\"wp-block-column is-layout-flow wp-block-column-is-layout-flow\" style=\"flex-basis:40%\"><div class=\"wp-block-image\">\n<figure class=\"aligncenter size-large has-custom-border\"><a href=\"https:\/\/pragmasoft.be\/fr\/wp-content\/uploads\/2025\/06\/IMG_1327_wrk_friction-scaled.jpg\"><img loading=\"lazy\" decoding=\"async\" width=\"1024\" height=\"683\" src=\"https:\/\/pragmasoft.be\/fr\/wp-content\/uploads\/2025\/06\/IMG_1327_wrk_friction-1024x683.jpg\" alt=\"\" class=\"has-border-color has-nv-dark-bg-border-color wp-image-587\" style=\"border-width:1px\" srcset=\"https:\/\/pragmasoft.be\/fr\/wp-content\/uploads\/2025\/06\/IMG_1327_wrk_friction-1024x683.jpg 1024w, https:\/\/pragmasoft.be\/fr\/wp-content\/uploads\/2025\/06\/IMG_1327_wrk_friction-300x200.jpg 300w, https:\/\/pragmasoft.be\/fr\/wp-content\/uploads\/2025\/06\/IMG_1327_wrk_friction-768x512.jpg 768w, https:\/\/pragmasoft.be\/fr\/wp-content\/uploads\/2025\/06\/IMG_1327_wrk_friction-1536x1024.jpg 1536w, https:\/\/pragmasoft.be\/fr\/wp-content\/uploads\/2025\/06\/IMG_1327_wrk_friction-2048x1365.jpg 2048w, https:\/\/pragmasoft.be\/fr\/wp-content\/uploads\/2025\/06\/IMG_1327_wrk_friction-930x620.jpg 930w, https:\/\/pragmasoft.be\/fr\/wp-content\/uploads\/2025\/06\/IMG_1327_wrk_friction-24x16.jpg 24w, https:\/\/pragmasoft.be\/fr\/wp-content\/uploads\/2025\/06\/IMG_1327_wrk_friction-36x24.jpg 36w, https:\/\/pragmasoft.be\/fr\/wp-content\/uploads\/2025\/06\/IMG_1327_wrk_friction-48x32.jpg 48w\" sizes=\"auto, (max-width: 1024px) 100vw, 1024px\" \/><\/a><figcaption class=\"wp-element-caption\"><em><sup>Briquet rotatif<\/sup><\/em><\/figcaption><\/figure>\n<\/div><\/div>\n<\/div>\n\n\n\n<div class=\"wp-block-buttons is-layout-flex wp-block-buttons-is-layout-flex\">\n<div class=\"wp-block-button is-style-primary\"><a class=\"wp-block-button__link wp-element-button\" href=\"https:\/\/pragmasoft.be\/fr\/contact\/\">Contactez-nous !<\/a><\/div>\n<\/div>\n\n\n\n<div style=\"height:40px\" aria-hidden=\"true\" class=\"wp-block-spacer\"><\/div>\n\n\n\n<div style=\"height:25px\" aria-hidden=\"true\" class=\"wp-block-spacer\"><\/div>\n\n\n\n<div style=\"height:25px\" aria-hidden=\"true\" class=\"wp-block-spacer\"><\/div>\n\n\n\n<p><\/p>\n","protected":false},"excerpt":{"rendered":"<p>Petite introduction En seulement 3 ou 4 g\u00e9n\u00e9rations, l&rsquo;homme moderne s&rsquo;est compl\u00e8tement coup\u00e9 de ses racines et de la nature. Il a ainsi rompu le lien d&rsquo;avec les 100.000 g\u00e9n\u00e9rations qui l&rsquo;ont pr\u00e9c\u00e9d\u00e9 depuis Homo habilis\u2026 et d&rsquo;avec les 288.000 g\u00e9n\u00e9rations depuis Touma\u00ef ! A-t-il le droit d&rsquo;interrompre ainsi cette lign\u00e9e ? N&rsquo;est-il pas un&hellip;&nbsp;<a href=\"https:\/\/pragmasoft.be\/fr\/conferences-gesticulees\/\" rel=\"bookmark\"><span class=\"screen-reader-text\">Conf\u00e9rences sc\u00e9naris\u00e9es<\/span><\/a><\/p>\n","protected":false},"author":1,"featured_media":0,"parent":0,"menu_order":0,"comment_status":"closed","ping_status":"closed","template":"","meta":{"neve_meta_sidebar":"","neve_meta_container":"","neve_meta_enable_content_width":"","neve_meta_content_width":0,"neve_meta_title_alignment":"","neve_meta_author_avatar":"","neve_post_elements_order":"","neve_meta_disable_header":"","neve_meta_disable_footer":"","neve_meta_disable_title":"","footnotes":""},"class_list":["post-158","page","type-page","status-publish","hentry"],"_links":{"self":[{"href":"https:\/\/pragmasoft.be\/fr\/wp-json\/wp\/v2\/pages\/158","targetHints":{"allow":["GET"]}}],"collection":[{"href":"https:\/\/pragmasoft.be\/fr\/wp-json\/wp\/v2\/pages"}],"about":[{"href":"https:\/\/pragmasoft.be\/fr\/wp-json\/wp\/v2\/types\/page"}],"author":[{"embeddable":true,"href":"https:\/\/pragmasoft.be\/fr\/wp-json\/wp\/v2\/users\/1"}],"replies":[{"embeddable":true,"href":"https:\/\/pragmasoft.be\/fr\/wp-json\/wp\/v2\/comments?post=158"}],"version-history":[{"count":14,"href":"https:\/\/pragmasoft.be\/fr\/wp-json\/wp\/v2\/pages\/158\/revisions"}],"predecessor-version":[{"id":753,"href":"https:\/\/pragmasoft.be\/fr\/wp-json\/wp\/v2\/pages\/158\/revisions\/753"}],"wp:attachment":[{"href":"https:\/\/pragmasoft.be\/fr\/wp-json\/wp\/v2\/media?parent=158"}],"curies":[{"name":"wp","href":"https:\/\/api.w.org\/{rel}","templated":true}]}}