{"id":160,"date":"2025-06-25T19:19:11","date_gmt":"2025-06-25T17:19:11","guid":{"rendered":"https:\/\/pragmasoft.be\/fr\/?page_id=160"},"modified":"2025-06-26T17:44:07","modified_gmt":"2025-06-26T15:44:07","slug":"traite-de-boulangerie","status":"publish","type":"page","link":"https:\/\/pragmasoft.be\/fr\/traite-de-boulangerie\/","title":{"rendered":"Boulangerie traditionnelle"},"content":{"rendered":"\n<figure class=\"wp-block-image size-full is-resized\"><img loading=\"lazy\" decoding=\"async\" width=\"342\" height=\"483\" src=\"https:\/\/pragmasoft.be\/fr\/wp-content\/uploads\/2025\/06\/2024_petit_traite_boulangerie_traditionnelle.png\" alt=\"\" class=\"wp-image-142\" style=\"width:auto;height:100px\" srcset=\"https:\/\/pragmasoft.be\/fr\/wp-content\/uploads\/2025\/06\/2024_petit_traite_boulangerie_traditionnelle.png 342w, https:\/\/pragmasoft.be\/fr\/wp-content\/uploads\/2025\/06\/2024_petit_traite_boulangerie_traditionnelle-212x300.png 212w, https:\/\/pragmasoft.be\/fr\/wp-content\/uploads\/2025\/06\/2024_petit_traite_boulangerie_traditionnelle-17x24.png 17w, https:\/\/pragmasoft.be\/fr\/wp-content\/uploads\/2025\/06\/2024_petit_traite_boulangerie_traditionnelle-25x36.png 25w, https:\/\/pragmasoft.be\/fr\/wp-content\/uploads\/2025\/06\/2024_petit_traite_boulangerie_traditionnelle-34x48.png 34w\" sizes=\"auto, (max-width: 342px) 100vw, 342px\" \/><\/figure>\n\n\n\n<div style=\"height:40px\" aria-hidden=\"true\" class=\"wp-block-spacer\"><\/div>\n\n\n\n<div class=\"wp-block-columns is-layout-flex wp-container-core-columns-is-layout-9d6595d7 wp-block-columns-is-layout-flex\">\n<div class=\"wp-block-column is-layout-flow wp-block-column-is-layout-flow\" style=\"padding-right:var(--wp--preset--spacing--40);flex-basis:60%\">\n<h3 class=\"wp-block-heading\">Un livre pour revenir au pain \u00e0 l&rsquo;ancienne !<\/h3>\n\n\n\n<p>Le \u00ab\u00a0<strong>Petit trait\u00e9 de boulangerie traditionnelle<\/strong>\u00a0\u00bb \u00e9dit\u00e9 par Pragmasoft compile 2 d\u00e9cennies de passion et d\u2019exp\u00e9rience au fournil de l\u2019Hof ter Musschen.<\/p>\n\n\n\n<p>Il est \u00e9crit par <strong>David Waiengnier, <\/strong>en collaboration avec <strong>Alain Doornaert<\/strong>, (tous deux animateurs au fournil de Hof ter Musschen) et <strong>Axel Colin<\/strong>, boulanger au moulin d\u2019Odeigne. Le livre est pr\u00e9fac\u00e9 par <strong>Marc Dewalque.<\/strong><\/p>\n\n\n\n<p>L\u2019ouvrage commence par \u00e9tudier les ingr\u00e9dients du pain et croque sans complaisance un \u00e9tat des lieux de la boulangerie moderne. Il aborde les anciennes c\u00e9r\u00e9ales et la l\u00e9gislation, la probl\u00e9matique du gluten, l&rsquo;utilisation du levain&#8230;<\/p>\n<\/div>\n\n\n\n<div class=\"wp-block-column is-layout-flow wp-block-column-is-layout-flow\" style=\"flex-basis:40%\"><div class=\"wp-block-image\">\n<figure class=\"aligncenter size-full is-resized\"><a href=\"https:\/\/www.fournilhtm.be\/htm\/traite-de-boulangerie\/\"><img loading=\"lazy\" decoding=\"async\" width=\"342\" height=\"483\" src=\"https:\/\/pragmasoft.be\/fr\/wp-content\/uploads\/2025\/06\/2024_petit_traite_boulangerie_traditionnelle.png\" alt=\"\" class=\"wp-image-142\" style=\"width:260px;height:auto\" srcset=\"https:\/\/pragmasoft.be\/fr\/wp-content\/uploads\/2025\/06\/2024_petit_traite_boulangerie_traditionnelle.png 342w, https:\/\/pragmasoft.be\/fr\/wp-content\/uploads\/2025\/06\/2024_petit_traite_boulangerie_traditionnelle-212x300.png 212w, https:\/\/pragmasoft.be\/fr\/wp-content\/uploads\/2025\/06\/2024_petit_traite_boulangerie_traditionnelle-17x24.png 17w, https:\/\/pragmasoft.be\/fr\/wp-content\/uploads\/2025\/06\/2024_petit_traite_boulangerie_traditionnelle-25x36.png 25w, https:\/\/pragmasoft.be\/fr\/wp-content\/uploads\/2025\/06\/2024_petit_traite_boulangerie_traditionnelle-34x48.png 34w\" sizes=\"auto, (max-width: 342px) 100vw, 342px\" \/><\/a><\/figure>\n<\/div><\/div>\n<\/div>\n\n\n\n<p>Il donne&nbsp; ensuite des cl\u00e9s concr\u00e8tes et pratiques pour revenir \u00e0 une boulangerie saine, traditionnelle et toute en saveur chez vous \u00e0 la maison.<\/p>\n\n\n\n<p>L\u2019ouvrage donne \u00e9galement des conseils sur les fours traditionnels, leur utilisation et leur restauration.&nbsp; D\u2019autres pages sont \u00e9galement consacr\u00e9es \u00e0 l\u2019histoire du fournil et \u00e0 diff\u00e9rents sujets li\u00e9s \u00e0 la boulangerie.<\/p>\n\n\n\n<div class=\"wp-block-buttons is-layout-flex wp-block-buttons-is-layout-flex\">\n<div class=\"wp-block-button is-style-primary\"><a class=\"wp-block-button__link wp-element-button\" href=\"https:\/\/www.fournilhtm.be\/htm\/traite-de-boulangerie\/\">Se procurer le livre&#8230;   <\/a><\/div>\n<\/div>\n\n\n\n<div style=\"height:20px\" aria-hidden=\"true\" class=\"wp-block-spacer\"><\/div>\n\n\n\n<hr class=\"wp-block-separator has-text-color has-neve-link-hover-color-color has-alpha-channel-opacity has-neve-link-hover-color-background-color has-background is-style-dots\"\/>\n\n\n\n<h3 class=\"wp-block-heading\">Conf\u00e9rence<\/h3>\n\n\n\n<div class=\"wp-block-columns is-layout-flex wp-container-core-columns-is-layout-9d6595d7 wp-block-columns-is-layout-flex\">\n<div class=\"wp-block-column is-vertically-aligned-center is-layout-flow wp-block-column-is-layout-flow\" style=\"padding-right:var(--wp--preset--spacing--40);flex-basis:60%\">\n<p>Nous pouvons venir chez pour donner une <strong>conf\u00e9rence de 2 heures sur la boulangerie traditionnelle<\/strong> !<\/p>\n\n\n\n<p>La conf\u00e9rence est ax\u00e9e sur les <strong>ingr\u00e9dients<\/strong> et la <strong>fabrication du pain<\/strong> en four traditionnel ou domestique.<\/p>\n\n\n\n<p>Un volet pr\u00e9sente les avantages et inconv\u00e9nients de la <strong>levure<\/strong> et du <strong>levain<\/strong>.<\/p>\n\n\n\n<div class=\"wp-block-buttons is-layout-flex wp-block-buttons-is-layout-flex\">\n<div class=\"wp-block-button is-style-primary\"><a class=\"wp-block-button__link wp-element-button\" href=\"https:\/\/pragmasoft.be\/fr\/contact\/\">   Contactez-nous !  <\/a><\/div>\n<\/div>\n<\/div>\n\n\n\n<div class=\"wp-block-column is-layout-flow wp-block-column-is-layout-flow\" style=\"flex-basis:40%\"><div class=\"wp-block-image\">\n<figure class=\"aligncenter size-large\"><a href=\"https:\/\/pragmasoft.be\/fr\/wp-content\/uploads\/2025\/06\/20180623_100130-scaled.jpg\"><img loading=\"lazy\" decoding=\"async\" width=\"1024\" height=\"747\" src=\"https:\/\/pragmasoft.be\/fr\/wp-content\/uploads\/2025\/06\/20180623_100130-1024x747.jpg\" alt=\"\" class=\"wp-image-443\" srcset=\"https:\/\/pragmasoft.be\/fr\/wp-content\/uploads\/2025\/06\/20180623_100130-1024x747.jpg 1024w, https:\/\/pragmasoft.be\/fr\/wp-content\/uploads\/2025\/06\/20180623_100130-300x219.jpg 300w, https:\/\/pragmasoft.be\/fr\/wp-content\/uploads\/2025\/06\/20180623_100130-768x560.jpg 768w, https:\/\/pragmasoft.be\/fr\/wp-content\/uploads\/2025\/06\/20180623_100130-1536x1120.jpg 1536w, https:\/\/pragmasoft.be\/fr\/wp-content\/uploads\/2025\/06\/20180623_100130-2048x1494.jpg 2048w, https:\/\/pragmasoft.be\/fr\/wp-content\/uploads\/2025\/06\/20180623_100130-24x18.jpg 24w, https:\/\/pragmasoft.be\/fr\/wp-content\/uploads\/2025\/06\/20180623_100130-36x26.jpg 36w, https:\/\/pragmasoft.be\/fr\/wp-content\/uploads\/2025\/06\/20180623_100130-48x35.jpg 48w\" sizes=\"auto, (max-width: 1024px) 100vw, 1024px\" \/><\/a><\/figure>\n<\/div><\/div>\n<\/div>\n\n\n\n<div style=\"height:20px\" aria-hidden=\"true\" class=\"wp-block-spacer\"><\/div>\n\n\n\n<hr class=\"wp-block-separator has-text-color has-neve-link-hover-color-color has-alpha-channel-opacity has-neve-link-hover-color-background-color has-background is-style-dots\"\/>\n\n\n\n<h3 class=\"wp-block-heading\">Formations<\/h3>\n\n\n\n<div style=\"height:25px\" aria-hidden=\"true\" class=\"wp-block-spacer\"><\/div>\n\n\n\n<div class=\"wp-block-columns is-layout-flex wp-container-core-columns-is-layout-9d6595d7 wp-block-columns-is-layout-flex\">\n<div class=\"wp-block-column is-vertically-aligned-center is-layout-flow wp-block-column-is-layout-flow\" style=\"padding-right:var(--wp--preset--spacing--40);flex-basis:60%\">\n<p>Les formations en boulangerie traditionnelle sont donn\u00e9es par l&rsquo;\u00e9quipe du <a href=\"https:\/\/www.fournilhtm.be\/htm\/\"><strong>Fournil de l&rsquo;Hof Ter Musschen et du four d&rsquo;Evere<\/strong><\/a>.<\/p>\n\n\n\n<div class=\"wp-block-buttons is-layout-flex wp-block-buttons-is-layout-flex\">\n<div class=\"wp-block-button is-style-primary\"><a class=\"wp-block-button__link wp-element-button\" href=\"https:\/\/www.fournilhtm.be\/htm\/formation-a-la-boulangerie\/\">Les formations en boulangerie&#8230;<\/a><\/div>\n<\/div>\n\n\n\n<div style=\"height:40px\" aria-hidden=\"true\" class=\"wp-block-spacer\"><\/div>\n\n\n\n<p>L&rsquo;\u00e9quipe peut aussi se d\u00e9placer avec du mat\u00e9riel et donner une <strong>formation chez vous<\/strong> !<\/p>\n\n\n\n<div class=\"wp-block-buttons is-layout-flex wp-block-buttons-is-layout-flex\">\n<div class=\"wp-block-button is-style-primary\"><a class=\"wp-block-button__link wp-element-button\" href=\"https:\/\/www.fournilhtm.be\/htm\/contact\/\">Prenez contact avec l&rsquo;\u00e9quipe du fournil&#8230;<\/a><\/div>\n<\/div>\n\n\n\n<p><\/p>\n\n\n\n<p><\/p>\n<\/div>\n\n\n\n<div class=\"wp-block-column is-layout-flow wp-block-column-is-layout-flow\" style=\"flex-basis:40%\"><div class=\"wp-block-image\">\n<figure class=\"aligncenter size-large has-custom-border\"><a href=\"https:\/\/pragmasoft.be\/fr\/wp-content\/uploads\/2025\/06\/2009_10_04Fournil16-scaled.jpg\"><img loading=\"lazy\" decoding=\"async\" width=\"1024\" height=\"768\" src=\"https:\/\/pragmasoft.be\/fr\/wp-content\/uploads\/2025\/06\/2009_10_04Fournil16-1024x768.jpg\" alt=\"\" class=\"has-border-color has-nv-dark-bg-border-color wp-image-445\" style=\"border-width:1px\" srcset=\"https:\/\/pragmasoft.be\/fr\/wp-content\/uploads\/2025\/06\/2009_10_04Fournil16-1024x768.jpg 1024w, https:\/\/pragmasoft.be\/fr\/wp-content\/uploads\/2025\/06\/2009_10_04Fournil16-300x225.jpg 300w, https:\/\/pragmasoft.be\/fr\/wp-content\/uploads\/2025\/06\/2009_10_04Fournil16-768x576.jpg 768w, https:\/\/pragmasoft.be\/fr\/wp-content\/uploads\/2025\/06\/2009_10_04Fournil16-1536x1152.jpg 1536w, https:\/\/pragmasoft.be\/fr\/wp-content\/uploads\/2025\/06\/2009_10_04Fournil16-2048x1536.jpg 2048w, https:\/\/pragmasoft.be\/fr\/wp-content\/uploads\/2025\/06\/2009_10_04Fournil16-24x18.jpg 24w, https:\/\/pragmasoft.be\/fr\/wp-content\/uploads\/2025\/06\/2009_10_04Fournil16-36x27.jpg 36w, https:\/\/pragmasoft.be\/fr\/wp-content\/uploads\/2025\/06\/2009_10_04Fournil16-48x36.jpg 48w\" sizes=\"auto, (max-width: 1024px) 100vw, 1024px\" \/><\/a><\/figure>\n<\/div><\/div>\n<\/div>\n\n\n\n<hr class=\"wp-block-separator has-text-color has-neve-link-hover-color-color has-alpha-channel-opacity has-neve-link-hover-color-background-color has-background is-style-dots\"\/>\n\n\n\n<h3 class=\"wp-block-heading\">Expertise de four \u00e0 pain<\/h3>\n\n\n\n<div class=\"wp-block-columns is-layout-flex wp-container-core-columns-is-layout-9d6595d7 wp-block-columns-is-layout-flex\">\n<div class=\"wp-block-column is-vertically-aligned-center is-layout-flow wp-block-column-is-layout-flow\" style=\"padding-right:var(--wp--preset--spacing--40);flex-basis:60%\">\n<p>L&rsquo;\u00e9quipe du fournil de l&rsquo;Hof ter Musschen est \u00e9galement comp\u00e9tente pour <strong>expertiser votre vieux four \u00e0 pain<\/strong> et vous donner des <strong>conseils<\/strong> sur sa restauration.<\/p>\n\n\n\n<p>En tous les cas, <strong>n&rsquo;allumez jamais un vieux four qui n&rsquo;a plus fonctionn\u00e9 depuis longtemps<\/strong> : c&rsquo;est la meilleure fa\u00e7on de faire s&rsquo;\u00e9crouler sa vo\u00fbte !<\/p>\n\n\n\n<div class=\"wp-block-buttons is-layout-flex wp-block-buttons-is-layout-flex\">\n<div class=\"wp-block-button is-style-primary\"><a class=\"wp-block-button__link wp-element-button\">Prenez contact avec l&rsquo;\u00e9quipe du fournil&#8230;<\/a><\/div>\n<\/div>\n\n\n\n<p><\/p>\n\n\n\n<p><\/p>\n<\/div>\n\n\n\n<div class=\"wp-block-column is-layout-flow wp-block-column-is-layout-flow\" style=\"flex-basis:40%\"><div class=\"wp-block-image\">\n<figure class=\"aligncenter size-large has-custom-border\"><a href=\"https:\/\/pragmasoft.be\/fr\/wp-content\/uploads\/2025\/06\/Fournil-Maylis-scaled.jpg\"><img loading=\"lazy\" decoding=\"async\" width=\"1024\" height=\"768\" src=\"https:\/\/pragmasoft.be\/fr\/wp-content\/uploads\/2025\/06\/Fournil-Maylis-1024x768.jpg\" alt=\"\" class=\"has-border-color has-nv-dark-bg-border-color wp-image-453\" style=\"border-width:1px\" srcset=\"https:\/\/pragmasoft.be\/fr\/wp-content\/uploads\/2025\/06\/Fournil-Maylis-1024x768.jpg 1024w, https:\/\/pragmasoft.be\/fr\/wp-content\/uploads\/2025\/06\/Fournil-Maylis-300x225.jpg 300w, https:\/\/pragmasoft.be\/fr\/wp-content\/uploads\/2025\/06\/Fournil-Maylis-768x576.jpg 768w, https:\/\/pragmasoft.be\/fr\/wp-content\/uploads\/2025\/06\/Fournil-Maylis-1536x1152.jpg 1536w, https:\/\/pragmasoft.be\/fr\/wp-content\/uploads\/2025\/06\/Fournil-Maylis-2048x1536.jpg 2048w, https:\/\/pragmasoft.be\/fr\/wp-content\/uploads\/2025\/06\/Fournil-Maylis-24x18.jpg 24w, https:\/\/pragmasoft.be\/fr\/wp-content\/uploads\/2025\/06\/Fournil-Maylis-36x27.jpg 36w, https:\/\/pragmasoft.be\/fr\/wp-content\/uploads\/2025\/06\/Fournil-Maylis-48x36.jpg 48w\" sizes=\"auto, (max-width: 1024px) 100vw, 1024px\" \/><\/a><\/figure>\n<\/div><\/div>\n<\/div>\n\n\n\n<div style=\"height:40px\" aria-hidden=\"true\" class=\"wp-block-spacer\"><\/div>\n\n\n\n<div style=\"height:40px\" aria-hidden=\"true\" class=\"wp-block-spacer\"><\/div>\n","protected":false},"excerpt":{"rendered":"<p>Un livre pour revenir au pain \u00e0 l&rsquo;ancienne ! Le \u00ab\u00a0Petit trait\u00e9 de boulangerie traditionnelle\u00a0\u00bb \u00e9dit\u00e9 par Pragmasoft compile 2 d\u00e9cennies de passion et d\u2019exp\u00e9rience au fournil de l\u2019Hof ter Musschen. Il est \u00e9crit par David Waiengnier, en collaboration avec Alain Doornaert, (tous deux animateurs au fournil de Hof ter Musschen) et Axel Colin, boulanger&hellip;&nbsp;<a href=\"https:\/\/pragmasoft.be\/fr\/traite-de-boulangerie\/\" rel=\"bookmark\"><span class=\"screen-reader-text\">Boulangerie traditionnelle<\/span><\/a><\/p>\n","protected":false},"author":1,"featured_media":0,"parent":0,"menu_order":0,"comment_status":"closed","ping_status":"closed","template":"","meta":{"neve_meta_sidebar":"","neve_meta_container":"","neve_meta_enable_content_width":"","neve_meta_content_width":0,"neve_meta_title_alignment":"","neve_meta_author_avatar":"","neve_post_elements_order":"","neve_meta_disable_header":"","neve_meta_disable_footer":"","neve_meta_disable_title":"","footnotes":""},"class_list":["post-160","page","type-page","status-publish","hentry"],"_links":{"self":[{"href":"https:\/\/pragmasoft.be\/fr\/wp-json\/wp\/v2\/pages\/160","targetHints":{"allow":["GET"]}}],"collection":[{"href":"https:\/\/pragmasoft.be\/fr\/wp-json\/wp\/v2\/pages"}],"about":[{"href":"https:\/\/pragmasoft.be\/fr\/wp-json\/wp\/v2\/types\/page"}],"author":[{"embeddable":true,"href":"https:\/\/pragmasoft.be\/fr\/wp-json\/wp\/v2\/users\/1"}],"replies":[{"embeddable":true,"href":"https:\/\/pragmasoft.be\/fr\/wp-json\/wp\/v2\/comments?post=160"}],"version-history":[{"count":12,"href":"https:\/\/pragmasoft.be\/fr\/wp-json\/wp\/v2\/pages\/160\/revisions"}],"predecessor-version":[{"id":456,"href":"https:\/\/pragmasoft.be\/fr\/wp-json\/wp\/v2\/pages\/160\/revisions\/456"}],"wp:attachment":[{"href":"https:\/\/pragmasoft.be\/fr\/wp-json\/wp\/v2\/media?parent=160"}],"curies":[{"name":"wp","href":"https:\/\/api.w.org\/{rel}","templated":true}]}}