{"id":162,"date":"2025-06-25T19:19:30","date_gmt":"2025-06-25T17:19:30","guid":{"rendered":"https:\/\/pragmasoft.be\/fr\/?page_id=162"},"modified":"2025-06-27T02:27:42","modified_gmt":"2025-06-27T00:27:42","slug":"biodeversite","status":"publish","type":"page","link":"https:\/\/pragmasoft.be\/fr\/biodeversite\/","title":{"rendered":"BiodEversit\u00e9"},"content":{"rendered":"\n<figure class=\"wp-block-image size-full is-resized\"><img loading=\"lazy\" decoding=\"async\" width=\"122\" height=\"129\" src=\"https:\/\/pragmasoft.be\/fr\/wp-content\/uploads\/2025\/06\/but_biodeversite_seul.png\" alt=\"\" class=\"wp-image-143\" style=\"width:auto;height:100px\" srcset=\"https:\/\/pragmasoft.be\/fr\/wp-content\/uploads\/2025\/06\/but_biodeversite_seul.png 122w, https:\/\/pragmasoft.be\/fr\/wp-content\/uploads\/2025\/06\/but_biodeversite_seul-24x24.png 24w, https:\/\/pragmasoft.be\/fr\/wp-content\/uploads\/2025\/06\/but_biodeversite_seul-34x36.png 34w, https:\/\/pragmasoft.be\/fr\/wp-content\/uploads\/2025\/06\/but_biodeversite_seul-45x48.png 45w\" sizes=\"auto, (max-width: 122px) 100vw, 122px\" \/><\/figure>\n\n\n\n<div style=\"height:40px\" aria-hidden=\"true\" class=\"wp-block-spacer\"><\/div>\n\n\n\n<h2 class=\"wp-block-heading\">La biodiversit\u00e9 \u00e0 Evere<\/h2>\n\n\n\n<div class=\"wp-block-columns is-layout-flex wp-container-core-columns-is-layout-9d6595d7 wp-block-columns-is-layout-flex\">\n<div class=\"wp-block-column is-vertically-aligned-center is-layout-flow wp-block-column-is-layout-flow\" style=\"padding-right:var(--wp--preset--spacing--40);flex-basis:60%\">\n<p>Pragmasoft a d\u00e9velopp\u00e9 le site BiodEversit\u00e9 et sa base de donn\u00e9es photographiques, pour encourager \u00e0 se <strong>reconnecter \u00e0 la Nature<\/strong> et \u00e0 s&rsquo;\u00e9merveiller du Vivant, des pistes essentielles pour la survie de notre Humanit\u00e9.<br><br>Le site concerne la commune d&rsquo;<strong>Evere<\/strong>, mais les esp\u00e8ces pr\u00e9sent\u00e9es se retrouvent dans toute la Belgique !<br><br><strong>Le site permet d&rsquo;apprendre \u00e0 reconna\u00eetre les fleurs courantes<\/strong>, une \u00e0 une, au fur et \u00e0 mesure qu&rsquo;elles arrivent dans l&rsquo;ann\u00e9e ! Il propose des cartes m\u00e9moires pour aider \u00e0 la m\u00e9morisation.<\/p>\n\n\n\n<p><\/p>\n<\/div>\n\n\n\n<div class=\"wp-block-column is-layout-flow wp-block-column-is-layout-flow\" style=\"flex-basis:40%\"><div class=\"wp-block-image\">\n<figure class=\"aligncenter size-large has-custom-border\"><a href=\"https:\/\/www.biodeversite.be\"><img loading=\"lazy\" decoding=\"async\" width=\"1024\" height=\"713\" src=\"https:\/\/pragmasoft.be\/fr\/wp-content\/uploads\/2025\/06\/biodeversite-1024x713.png\" alt=\"\" class=\"has-border-color has-nv-dark-bg-border-color wp-image-326\" style=\"border-width:1px\" srcset=\"https:\/\/pragmasoft.be\/fr\/wp-content\/uploads\/2025\/06\/biodeversite-1024x713.png 1024w, https:\/\/pragmasoft.be\/fr\/wp-content\/uploads\/2025\/06\/biodeversite-300x209.png 300w, https:\/\/pragmasoft.be\/fr\/wp-content\/uploads\/2025\/06\/biodeversite-768x534.png 768w, https:\/\/pragmasoft.be\/fr\/wp-content\/uploads\/2025\/06\/biodeversite-24x17.png 24w, https:\/\/pragmasoft.be\/fr\/wp-content\/uploads\/2025\/06\/biodeversite-36x25.png 36w, https:\/\/pragmasoft.be\/fr\/wp-content\/uploads\/2025\/06\/biodeversite-48x33.png 48w, https:\/\/pragmasoft.be\/fr\/wp-content\/uploads\/2025\/06\/biodeversite.png 1279w\" sizes=\"auto, (max-width: 1024px) 100vw, 1024px\" \/><\/a><figcaption class=\"wp-element-caption\"><em><sup>Une fiche avec le d\u00e9tail d&rsquo;une esp\u00e8ce<\/sup><\/em><\/figcaption><\/figure>\n<\/div><\/div>\n<\/div>\n\n\n\n<div class=\"wp-block-buttons is-layout-flex wp-block-buttons-is-layout-flex\">\n<div class=\"wp-block-button is-style-primary\"><a class=\"wp-block-button__link wp-element-button\" href=\"https:\/\/www.biodeversite.be\">https:\/\/www.biodeversite.be<\/a><\/div>\n<\/div>\n\n\n\n<div style=\"height:25px\" aria-hidden=\"true\" class=\"wp-block-spacer\"><\/div>\n\n\n\n<p><\/p>\n","protected":false},"excerpt":{"rendered":"<p>La biodiversit\u00e9 \u00e0 Evere Pragmasoft a d\u00e9velopp\u00e9 le site BiodEversit\u00e9 et sa base de donn\u00e9es photographiques, pour encourager \u00e0 se reconnecter \u00e0 la Nature et \u00e0 s&rsquo;\u00e9merveiller du Vivant, des pistes essentielles pour la survie de notre Humanit\u00e9. Le site concerne la commune d&rsquo;Evere, mais les esp\u00e8ces pr\u00e9sent\u00e9es se retrouvent dans toute la Belgique !&hellip;&nbsp;<a href=\"https:\/\/pragmasoft.be\/fr\/biodeversite\/\" rel=\"bookmark\"><span class=\"screen-reader-text\">BiodEversit\u00e9<\/span><\/a><\/p>\n","protected":false},"author":1,"featured_media":0,"parent":0,"menu_order":0,"comment_status":"closed","ping_status":"closed","template":"","meta":{"neve_meta_sidebar":"","neve_meta_container":"","neve_meta_enable_content_width":"","neve_meta_content_width":0,"neve_meta_title_alignment":"","neve_meta_author_avatar":"","neve_post_elements_order":"","neve_meta_disable_header":"","neve_meta_disable_footer":"","neve_meta_disable_title":"","footnotes":""},"class_list":["post-162","page","type-page","status-publish","hentry"],"_links":{"self":[{"href":"https:\/\/pragmasoft.be\/fr\/wp-json\/wp\/v2\/pages\/162","targetHints":{"allow":["GET"]}}],"collection":[{"href":"https:\/\/pragmasoft.be\/fr\/wp-json\/wp\/v2\/pages"}],"about":[{"href":"https:\/\/pragmasoft.be\/fr\/wp-json\/wp\/v2\/types\/page"}],"author":[{"embeddable":true,"href":"https:\/\/pragmasoft.be\/fr\/wp-json\/wp\/v2\/users\/1"}],"replies":[{"embeddable":true,"href":"https:\/\/pragmasoft.be\/fr\/wp-json\/wp\/v2\/comments?post=162"}],"version-history":[{"count":3,"href":"https:\/\/pragmasoft.be\/fr\/wp-json\/wp\/v2\/pages\/162\/revisions"}],"predecessor-version":[{"id":599,"href":"https:\/\/pragmasoft.be\/fr\/wp-json\/wp\/v2\/pages\/162\/revisions\/599"}],"wp:attachment":[{"href":"https:\/\/pragmasoft.be\/fr\/wp-json\/wp\/v2\/media?parent=162"}],"curies":[{"name":"wp","href":"https:\/\/api.w.org\/{rel}","templated":true}]}}