{"id":35,"date":"2025-06-12T19:36:02","date_gmt":"2025-06-12T17:36:02","guid":{"rendered":"https:\/\/pragmasoft.be\/fr\/?page_id=35"},"modified":"2025-06-30T09:04:09","modified_gmt":"2025-06-30T07:04:09","slug":"passez-a-linux","status":"publish","type":"page","link":"https:\/\/pragmasoft.be\/fr\/passez-a-linux\/","title":{"rendered":"Passez \u00e0 Linux !"},"content":{"rendered":"\n<figure class=\"wp-block-image size-full is-resized\"><img loading=\"lazy\" decoding=\"async\" width=\"150\" height=\"180\" src=\"https:\/\/pragmasoft.be\/fr\/wp-content\/uploads\/2025\/06\/150px-NewTux.svg_.png\" alt=\"\" class=\"wp-image-120\" style=\"width:auto;height:100px\" srcset=\"https:\/\/pragmasoft.be\/fr\/wp-content\/uploads\/2025\/06\/150px-NewTux.svg_.png 150w, https:\/\/pragmasoft.be\/fr\/wp-content\/uploads\/2025\/06\/150px-NewTux.svg_-20x24.png 20w, https:\/\/pragmasoft.be\/fr\/wp-content\/uploads\/2025\/06\/150px-NewTux.svg_-30x36.png 30w, https:\/\/pragmasoft.be\/fr\/wp-content\/uploads\/2025\/06\/150px-NewTux.svg_-40x48.png 40w\" sizes=\"auto, (max-width: 150px) 100vw, 150px\" \/><\/figure>\n\n\n\n<div style=\"height:20px\" aria-hidden=\"true\" class=\"wp-block-spacer\"><\/div>\n\n\n\n<div class=\"wp-block-columns is-layout-flex wp-container-core-columns-is-layout-9d6595d7 wp-block-columns-is-layout-flex\">\n<div class=\"wp-block-column is-vertically-aligned-center is-layout-flow wp-block-column-is-layout-flow\" style=\"flex-basis:90%\">\n<p>Linux est un <strong>syst\u00e8me d&rsquo;exploitation<\/strong> comme Windows ou MacOS qui permet d&rsquo;utiliser un PC.<\/p>\n\n\n\n<p>Avec Windows 11 qui ne permet plus d&rsquo;utiliser des PC d&rsquo;avant 2016 et qui va forcer des millions de de personnes \u00e0 changer de PC , c&rsquo;est le <strong>MOMENT<\/strong> \ud83d\ude42<\/p>\n<\/div>\n\n\n\n<div class=\"wp-block-column is-layout-flow wp-block-column-is-layout-flow\" style=\"flex-basis:10%\"><div class=\"wp-block-image\">\n<figure class=\"alignleft size-full is-resized\"><a href=\"https:\/\/pragmasoft.be\/fr\/wp-content\/uploads\/2025\/06\/tux-vs-msn.png\"><img loading=\"lazy\" decoding=\"async\" width=\"710\" height=\"940\" src=\"https:\/\/pragmasoft.be\/fr\/wp-content\/uploads\/2025\/06\/tux-vs-msn.png\" alt=\"\" class=\"wp-image-664\" style=\"width:136px;height:auto\" srcset=\"https:\/\/pragmasoft.be\/fr\/wp-content\/uploads\/2025\/06\/tux-vs-msn.png 710w, https:\/\/pragmasoft.be\/fr\/wp-content\/uploads\/2025\/06\/tux-vs-msn-227x300.png 227w, https:\/\/pragmasoft.be\/fr\/wp-content\/uploads\/2025\/06\/tux-vs-msn-18x24.png 18w, https:\/\/pragmasoft.be\/fr\/wp-content\/uploads\/2025\/06\/tux-vs-msn-27x36.png 27w, https:\/\/pragmasoft.be\/fr\/wp-content\/uploads\/2025\/06\/tux-vs-msn-36x48.png 36w\" sizes=\"auto, (max-width: 710px) 100vw, 710px\" \/><\/a><\/figure>\n<\/div><\/div>\n<\/div>\n\n\n\n<div class=\"wp-block-columns is-layout-flex wp-container-core-columns-is-layout-9d6595d7 wp-block-columns-is-layout-flex\">\n<div class=\"wp-block-column is-layout-flow wp-block-column-is-layout-flow\" style=\"flex-basis:60%\">\n<p><\/p>\n\n\n\n<p><strong><span style=\"text-decoration: underline;\">Linux est :<\/span><\/strong><\/p>\n\n\n\n<ul class=\"wp-block-list\">\n<li><strong>Ethique<\/strong><br>Une informatique libre et citoyenne, bas\u00e9e sur l&rsquo;entraide, la collaboration et le partage !<\/li>\n\n\n\n<li><strong>S\u00e9curi<\/strong>s\u00e9<br>Fini les virus et le vol de ses donn\u00e9es !<\/li>\n\n\n\n<li><strong>Performant<\/strong>&nbsp;<br>Performant, souple, ergonomique, fiable, s\u00e9curis\u00e9, sans virus, gratuit&#8230;<\/li>\n<\/ul>\n\n\n\n<p>Plus d&rsquo;infos ? Visionnez la <strong>pr\u00e9sentation ci-contre<\/strong> !<\/p>\n<\/div>\n\n\n\n<div class=\"wp-block-column is-vertically-aligned-center has-border-color has-neve-text-color-border-color is-layout-flow wp-block-column-is-layout-flow\" style=\"border-width:1px;flex-basis:40%\"><div aria-live=\"polite\" id=\"soliloquy-container-79_1\" class=\"soliloquy-container soliloquy-transition-fade  soliloquy-theme-base\" style=\"max-width:500px;max-height:350px;\"><ul id=\"soliloquy-79_1\" class=\"soliloquy-slider soliloquy-slides soliloquy-wrap soliloquy-clear\"><li aria-hidden=\"true\" class=\"soliloquy-item soliloquy-item-1 soliloquy-image-slide\" draggable=\"false\" style=\"list-style:none\"><img decoding=\"async\" id=\"soliloquy-image-37\" class=\"soliloquy-image soliloquy-image-1\" src=\"https:\/\/pragmasoft.be\/fr\/wp-content\/uploads\/2025\/06\/2020_04_06_demo_mintcinna_01-500x350_c.png\" alt=\"2020_04_06_demo_mintcinna_01\" \/><\/li><li aria-hidden=\"true\" class=\"soliloquy-item soliloquy-item-2 soliloquy-image-slide\" draggable=\"false\" style=\"list-style:none\"><img decoding=\"async\" id=\"soliloquy-image-38\" class=\"soliloquy-image soliloquy-image-2\" src=\"https:\/\/pragmasoft.be\/fr\/wp-content\/uploads\/2025\/06\/2020_04_06_demo_mintcinna_02-500x350_c.png\" alt=\"2020_04_06_demo_mintcinna_02\" \/><\/li><li aria-hidden=\"true\" class=\"soliloquy-item soliloquy-item-3 soliloquy-image-slide\" draggable=\"false\" style=\"list-style:none\"><img decoding=\"async\" id=\"soliloquy-image-39\" class=\"soliloquy-image soliloquy-image-3\" src=\"https:\/\/pragmasoft.be\/fr\/wp-content\/uploads\/2025\/06\/2020_04_06_demo_mintcinna_03-500x350_c.png\" alt=\"2020_04_06_demo_mintcinna_03\" \/><\/li><li aria-hidden=\"true\" class=\"soliloquy-item soliloquy-item-4 soliloquy-image-slide\" draggable=\"false\" style=\"list-style:none\"><img decoding=\"async\" id=\"soliloquy-image-40\" class=\"soliloquy-image soliloquy-image-4\" src=\"https:\/\/pragmasoft.be\/fr\/wp-content\/uploads\/2025\/06\/2020_04_06_demo_mintcinna_04-500x350_c.png\" alt=\"2020_04_06_demo_mintcinna_04\" \/><\/li><li aria-hidden=\"true\" class=\"soliloquy-item soliloquy-item-5 soliloquy-image-slide\" draggable=\"false\" style=\"list-style:none\"><img decoding=\"async\" id=\"soliloquy-image-41\" class=\"soliloquy-image soliloquy-image-5\" src=\"https:\/\/pragmasoft.be\/fr\/wp-content\/uploads\/2025\/06\/2020_04_06_demo_mintcinna_05-500x350_c.png\" alt=\"2020_04_06_demo_mintcinna_05\" \/><\/li><li aria-hidden=\"true\" class=\"soliloquy-item soliloquy-item-6 soliloquy-image-slide\" draggable=\"false\" style=\"list-style:none\"><img decoding=\"async\" id=\"soliloquy-image-42\" class=\"soliloquy-image soliloquy-image-6\" src=\"https:\/\/pragmasoft.be\/fr\/wp-content\/uploads\/2025\/06\/2020_04_06_demo_mintcinna_06-500x350_c.png\" alt=\"2020_04_06_demo_mintcinna_06\" \/><\/li><li aria-hidden=\"true\" class=\"soliloquy-item soliloquy-item-7 soliloquy-image-slide\" draggable=\"false\" style=\"list-style:none\"><img decoding=\"async\" id=\"soliloquy-image-43\" class=\"soliloquy-image soliloquy-image-7\" src=\"https:\/\/pragmasoft.be\/fr\/wp-content\/uploads\/2025\/06\/2020_04_06_demo_mintcinna_07-500x350_c.png\" alt=\"2020_04_06_demo_mintcinna_07\" \/><\/li><li aria-hidden=\"true\" class=\"soliloquy-item soliloquy-item-8 soliloquy-image-slide\" draggable=\"false\" style=\"list-style:none\"><img decoding=\"async\" id=\"soliloquy-image-44\" class=\"soliloquy-image soliloquy-image-8\" src=\"https:\/\/pragmasoft.be\/fr\/wp-content\/uploads\/2025\/06\/2020_04_06_demo_mintcinna_08-500x350_c.png\" alt=\"2020_04_06_demo_mintcinna_08\" \/><\/li><li aria-hidden=\"true\" class=\"soliloquy-item soliloquy-item-9 soliloquy-image-slide\" draggable=\"false\" style=\"list-style:none\"><img decoding=\"async\" id=\"soliloquy-image-45\" class=\"soliloquy-image soliloquy-image-9\" src=\"https:\/\/pragmasoft.be\/fr\/wp-content\/uploads\/2025\/06\/2020_04_06_demo_mintcinna_09-500x350_c.png\" alt=\"2020_04_06_demo_mintcinna_09\" \/><\/li><li aria-hidden=\"true\" class=\"soliloquy-item soliloquy-item-10 soliloquy-image-slide\" draggable=\"false\" style=\"list-style:none\"><img decoding=\"async\" id=\"soliloquy-image-46\" class=\"soliloquy-image soliloquy-image-10\" src=\"https:\/\/pragmasoft.be\/fr\/wp-content\/uploads\/2025\/06\/2020_04_06_demo_mintcinna_10-500x350_c.png\" alt=\"2020_04_06_demo_mintcinna_10\" \/><\/li><li aria-hidden=\"true\" class=\"soliloquy-item soliloquy-item-11 soliloquy-image-slide\" draggable=\"false\" style=\"list-style:none\"><img decoding=\"async\" id=\"soliloquy-image-47\" class=\"soliloquy-image soliloquy-image-11\" src=\"https:\/\/pragmasoft.be\/fr\/wp-content\/uploads\/2025\/06\/2020_04_06_demo_mintcinna_11-500x350_c.png\" alt=\"2020_04_06_demo_mintcinna_11\" \/><\/li><li aria-hidden=\"true\" class=\"soliloquy-item soliloquy-item-12 soliloquy-image-slide\" draggable=\"false\" style=\"list-style:none\"><img decoding=\"async\" id=\"soliloquy-image-48\" class=\"soliloquy-image soliloquy-image-12\" src=\"https:\/\/pragmasoft.be\/fr\/wp-content\/uploads\/2025\/06\/2020_04_06_demo_mintcinna_12-500x350_c.png\" alt=\"2020_04_06_demo_mintcinna_12\" \/><\/li><li aria-hidden=\"true\" class=\"soliloquy-item soliloquy-item-13 soliloquy-image-slide\" draggable=\"false\" style=\"list-style:none\"><img decoding=\"async\" id=\"soliloquy-image-49\" class=\"soliloquy-image soliloquy-image-13\" src=\"https:\/\/pragmasoft.be\/fr\/wp-content\/uploads\/2025\/06\/2020_04_06_demo_mintcinna_13-500x350_c.png\" alt=\"2020_04_06_demo_mintcinna_13\" \/><\/li><li aria-hidden=\"true\" class=\"soliloquy-item soliloquy-item-14 soliloquy-image-slide\" draggable=\"false\" style=\"list-style:none\"><img decoding=\"async\" id=\"soliloquy-image-50\" class=\"soliloquy-image soliloquy-image-14\" src=\"https:\/\/pragmasoft.be\/fr\/wp-content\/uploads\/2025\/06\/2020_04_06_demo_mintcinna_14-500x350_c.png\" alt=\"2020_04_06_demo_mintcinna_14\" \/><\/li><li aria-hidden=\"true\" class=\"soliloquy-item soliloquy-item-15 soliloquy-image-slide\" draggable=\"false\" style=\"list-style:none\"><img decoding=\"async\" id=\"soliloquy-image-51\" class=\"soliloquy-image soliloquy-image-15\" src=\"https:\/\/pragmasoft.be\/fr\/wp-content\/uploads\/2025\/06\/2020_04_06_demo_mintcinna_15-500x350_c.png\" alt=\"2020_04_06_demo_mintcinna_15\" \/><\/li><li aria-hidden=\"true\" class=\"soliloquy-item soliloquy-item-16 soliloquy-image-slide\" draggable=\"false\" style=\"list-style:none\"><img decoding=\"async\" id=\"soliloquy-image-52\" class=\"soliloquy-image soliloquy-image-16\" src=\"https:\/\/pragmasoft.be\/fr\/wp-content\/uploads\/2025\/06\/2020_04_06_demo_mintcinna_16-500x350_c.png\" alt=\"2020_04_06_demo_mintcinna_16\" \/><\/li><li aria-hidden=\"true\" class=\"soliloquy-item soliloquy-item-17 soliloquy-image-slide\" draggable=\"false\" style=\"list-style:none\"><img decoding=\"async\" id=\"soliloquy-image-53\" class=\"soliloquy-image soliloquy-image-17\" src=\"https:\/\/pragmasoft.be\/fr\/wp-content\/uploads\/2025\/06\/2020_04_06_demo_mintcinna_17-500x350_c.png\" alt=\"2020_04_06_demo_mintcinna_17\" \/><\/li><li aria-hidden=\"true\" class=\"soliloquy-item soliloquy-item-18 soliloquy-image-slide\" draggable=\"false\" style=\"list-style:none\"><img decoding=\"async\" id=\"soliloquy-image-54\" class=\"soliloquy-image soliloquy-image-18\" src=\"https:\/\/pragmasoft.be\/fr\/wp-content\/uploads\/2025\/06\/2020_04_06_demo_mintcinna_18-500x350_c.png\" alt=\"2020_04_06_demo_mintcinna_18\" \/><\/li><li aria-hidden=\"true\" class=\"soliloquy-item soliloquy-item-19 soliloquy-image-slide\" draggable=\"false\" style=\"list-style:none\"><img decoding=\"async\" id=\"soliloquy-image-55\" class=\"soliloquy-image soliloquy-image-19\" src=\"https:\/\/pragmasoft.be\/fr\/wp-content\/uploads\/2025\/06\/2020_04_06_demo_mintcinna_19-500x350_c.png\" alt=\"2020_04_06_demo_mintcinna_19\" \/><\/li><li aria-hidden=\"true\" class=\"soliloquy-item soliloquy-item-20 soliloquy-image-slide\" draggable=\"false\" style=\"list-style:none\"><img decoding=\"async\" id=\"soliloquy-image-56\" class=\"soliloquy-image soliloquy-image-20\" src=\"https:\/\/pragmasoft.be\/fr\/wp-content\/uploads\/2025\/06\/2020_04_06_demo_mintcinna_20-500x350_c.png\" alt=\"2020_04_06_demo_mintcinna_20\" \/><\/li><li aria-hidden=\"true\" class=\"soliloquy-item soliloquy-item-21 soliloquy-image-slide\" draggable=\"false\" style=\"list-style:none\"><img decoding=\"async\" id=\"soliloquy-image-57\" class=\"soliloquy-image soliloquy-image-21\" src=\"https:\/\/pragmasoft.be\/fr\/wp-content\/uploads\/2025\/06\/2020_04_06_demo_mintcinna_21-500x350_c.png\" alt=\"2020_04_06_demo_mintcinna_21\" \/><\/li><li aria-hidden=\"true\" class=\"soliloquy-item soliloquy-item-22 soliloquy-image-slide\" draggable=\"false\" style=\"list-style:none\"><img decoding=\"async\" id=\"soliloquy-image-58\" class=\"soliloquy-image soliloquy-image-22\" src=\"https:\/\/pragmasoft.be\/fr\/wp-content\/uploads\/2025\/06\/2020_04_06_demo_mintcinna_22-500x350_c.png\" alt=\"2020_04_06_demo_mintcinna_22\" \/><\/li><li aria-hidden=\"true\" class=\"soliloquy-item soliloquy-item-23 soliloquy-image-slide\" draggable=\"false\" style=\"list-style:none\"><img decoding=\"async\" id=\"soliloquy-image-59\" class=\"soliloquy-image soliloquy-image-23\" src=\"https:\/\/pragmasoft.be\/fr\/wp-content\/uploads\/2025\/06\/2020_04_06_demo_mintcinna_23-500x350_c.png\" alt=\"2020_04_06_demo_mintcinna_23\" \/><\/li><li aria-hidden=\"true\" class=\"soliloquy-item soliloquy-item-24 soliloquy-image-slide\" draggable=\"false\" style=\"list-style:none\"><img decoding=\"async\" id=\"soliloquy-image-61\" class=\"soliloquy-image soliloquy-image-24\" src=\"https:\/\/pragmasoft.be\/fr\/wp-content\/uploads\/2025\/06\/2020_04_06_demo_mintcinna_24-500x350_c.png\" alt=\"2020_04_06_demo_mintcinna_24\" \/><\/li><li aria-hidden=\"true\" class=\"soliloquy-item soliloquy-item-25 soliloquy-image-slide\" draggable=\"false\" style=\"list-style:none\"><img decoding=\"async\" id=\"soliloquy-image-62\" class=\"soliloquy-image soliloquy-image-25\" src=\"https:\/\/pragmasoft.be\/fr\/wp-content\/uploads\/2025\/06\/2020_04_06_demo_mintcinna_25-500x350_c.png\" alt=\"2020_04_06_demo_mintcinna_25\" \/><\/li><li aria-hidden=\"true\" class=\"soliloquy-item soliloquy-item-26 soliloquy-image-slide\" draggable=\"false\" style=\"list-style:none\"><img decoding=\"async\" id=\"soliloquy-image-63\" class=\"soliloquy-image soliloquy-image-26\" src=\"https:\/\/pragmasoft.be\/fr\/wp-content\/uploads\/2025\/06\/2020_04_06_demo_mintcinna_26-500x350_c.png\" alt=\"2020_04_06_demo_mintcinna_26\" \/><\/li><li aria-hidden=\"true\" class=\"soliloquy-item soliloquy-item-27 soliloquy-image-slide\" draggable=\"false\" style=\"list-style:none\"><img decoding=\"async\" id=\"soliloquy-image-64\" class=\"soliloquy-image soliloquy-image-27\" src=\"https:\/\/pragmasoft.be\/fr\/wp-content\/uploads\/2025\/06\/2020_04_06_demo_mintcinna_27-500x350_c.png\" alt=\"2020_04_06_demo_mintcinna_27\" \/><\/li><li aria-hidden=\"true\" class=\"soliloquy-item soliloquy-item-28 soliloquy-image-slide\" draggable=\"false\" style=\"list-style:none\"><img decoding=\"async\" id=\"soliloquy-image-65\" class=\"soliloquy-image soliloquy-image-28\" src=\"https:\/\/pragmasoft.be\/fr\/wp-content\/uploads\/2025\/06\/2020_04_06_demo_mintcinna_28-500x350_c.png\" alt=\"2020_04_06_demo_mintcinna_28\" \/><\/li><li aria-hidden=\"true\" class=\"soliloquy-item soliloquy-item-29 soliloquy-image-slide\" draggable=\"false\" style=\"list-style:none\"><img decoding=\"async\" id=\"soliloquy-image-66\" class=\"soliloquy-image soliloquy-image-29\" src=\"https:\/\/pragmasoft.be\/fr\/wp-content\/uploads\/2025\/06\/2020_04_06_demo_mintcinna_29-500x350_c.png\" alt=\"2020_04_06_demo_mintcinna_29\" \/><\/li><\/ul><\/div><noscript><style type=\"text\/css\">#soliloquy-container-79_1{opacity:1}<\/style><\/noscript>\n<\/div>\n<\/div>\n\n\n\n<div style=\"height:20px\" aria-hidden=\"true\" class=\"wp-block-spacer\"><\/div>\n\n\n\n<h3 class=\"wp-block-heading\"><strong>Pr\u00eat \u00e0 sauter le cap vous-m\u00eame ? <\/strong><\/h3>\n\n\n\n<div class=\"wp-block-columns is-layout-flex wp-container-core-columns-is-layout-9d6595d7 wp-block-columns-is-layout-flex\">\n<div class=\"wp-block-column is-vertically-aligned-center is-layout-flow wp-block-column-is-layout-flow\" style=\"padding-right:var(--wp--preset--spacing--40);flex-basis:60%\">\n<p>Voici un <strong><a href=\"https:\/\/www.pragmasoft.be\/wiki_mint\/doku.php?id=start\">guide complet<\/a><\/strong>, sous forme de <strong>wiki destin\u00e9 aux non-informaticiens<\/strong>, pour vous aider \u00e0 l\u00e2cher Windows et \u00e0 passer \u00e0 Linux !<\/p>\n\n\n\n<p>Parcourez au moins l&rsquo;introduction du wiki \u00ab\u00a0<strong>Passer \u00e0 Linux pour les nuls<\/strong>\u00a0\u00bb pour vous faire une id\u00e9e !<\/p>\n\n\n\n<p>Bonne d\u00e9couverte !<\/p>\n\n\n\n<div class=\"wp-block-buttons is-layout-flex wp-block-buttons-is-layout-flex\">\n<div class=\"wp-block-button is-style-primary\"><a class=\"wp-block-button__link wp-element-button\" href=\"https:\/\/www.pragmasoft.be\/wiki_mint\/doku.php?id=start\">Wiki \u00ab\u00a0Passer \u00e0 Linux pour les nuls\u00a0\u00bb<\/a><\/div>\n<\/div>\n<\/div>\n\n\n\n<div class=\"wp-block-column is-layout-flow wp-block-column-is-layout-flow\" style=\"flex-basis:40%\"><div class=\"wp-block-image\">\n<figure class=\"aligncenter size-full has-custom-border\"><a href=\"https:\/\/www.pragmasoft.be\/wiki_mint\/doku.php?id=start\"><img loading=\"lazy\" decoding=\"async\" width=\"989\" height=\"722\" src=\"https:\/\/pragmasoft.be\/fr\/wp-content\/uploads\/2025\/06\/wiki_mint.png\" alt=\"\" class=\"has-border-color has-neve-text-color-border-color wp-image-97\" style=\"border-width:1px\" srcset=\"https:\/\/pragmasoft.be\/fr\/wp-content\/uploads\/2025\/06\/wiki_mint.png 989w, https:\/\/pragmasoft.be\/fr\/wp-content\/uploads\/2025\/06\/wiki_mint-300x219.png 300w, https:\/\/pragmasoft.be\/fr\/wp-content\/uploads\/2025\/06\/wiki_mint-768x561.png 768w, https:\/\/pragmasoft.be\/fr\/wp-content\/uploads\/2025\/06\/wiki_mint-24x18.png 24w, https:\/\/pragmasoft.be\/fr\/wp-content\/uploads\/2025\/06\/wiki_mint-36x26.png 36w, https:\/\/pragmasoft.be\/fr\/wp-content\/uploads\/2025\/06\/wiki_mint-48x35.png 48w\" sizes=\"auto, (max-width: 989px) 100vw, 989px\" \/><\/a><figcaption class=\"wp-element-caption\"><sub><em><a href=\"https:\/\/www.pragmasoft.be\/wiki_mint\/doku.php?id=start\">Wiki Mint<\/a><\/em><\/sub><\/figcaption><\/figure>\n<\/div><\/div>\n<\/div>\n\n\n\n<div style=\"height:20px\" aria-hidden=\"true\" class=\"wp-block-spacer\"><\/div>\n\n\n\n<h3 class=\"wp-block-heading\"><strong>Pr\u00eat \u00e0 sauter le cap avec de l&rsquo;aide ? <\/strong><\/h3>\n\n\n\n<div class=\"wp-block-columns is-layout-flex wp-container-core-columns-is-layout-9d6595d7 wp-block-columns-is-layout-flex\">\n<div class=\"wp-block-column is-vertically-aligned-center is-layout-flow wp-block-column-is-layout-flow\" style=\"padding-right:var(--wp--preset--spacing--40);flex-basis:40%\">\n<div class=\"wp-block-buttons is-layout-flex wp-block-buttons-is-layout-flex\">\n<div class=\"wp-block-button is-style-primary\"><a class=\"wp-block-button__link wp-element-button\" href=\"https:\/\/pragmasoft.be\/fr\/installation-de-pcs\/\">Nous pouvons installer votre PC en Linux !<\/a><\/div>\n<\/div>\n<\/div>\n\n\n\n<div class=\"wp-block-column is-layout-flow wp-block-column-is-layout-flow\" style=\"flex-basis:60%\"><\/div>\n<\/div>\n\n\n\n<div style=\"height:40px\" aria-hidden=\"true\" class=\"wp-block-spacer\"><\/div>\n\n\n\n<div style=\"height:40px\" aria-hidden=\"true\" class=\"wp-block-spacer\"><\/div>\n\n\n\n<div style=\"height:30px\" aria-hidden=\"true\" class=\"wp-block-spacer\"><\/div>\n","protected":false},"excerpt":{"rendered":"<p>Linux est un syst\u00e8me d&rsquo;exploitation comme Windows ou MacOS qui permet d&rsquo;utiliser un PC. Avec Windows 11 qui ne permet plus d&rsquo;utiliser des PC d&rsquo;avant 2016 et qui va forcer des millions de de personnes \u00e0 changer de PC , c&rsquo;est le MOMENT \ud83d\ude42 Linux est : Plus d&rsquo;infos ? Visionnez la pr\u00e9sentation ci-contre !&hellip;&nbsp;<a href=\"https:\/\/pragmasoft.be\/fr\/passez-a-linux\/\" rel=\"bookmark\"><span class=\"screen-reader-text\">Passez \u00e0 Linux !<\/span><\/a><\/p>\n","protected":false},"author":1,"featured_media":0,"parent":0,"menu_order":0,"comment_status":"closed","ping_status":"closed","template":"","meta":{"neve_meta_sidebar":"","neve_meta_container":"","neve_meta_enable_content_width":"","neve_meta_content_width":0,"neve_meta_title_alignment":"","neve_meta_author_avatar":"","neve_post_elements_order":"","neve_meta_disable_header":"","neve_meta_disable_footer":"","neve_meta_disable_title":"","footnotes":""},"class_list":["post-35","page","type-page","status-publish","hentry"],"_links":{"self":[{"href":"https:\/\/pragmasoft.be\/fr\/wp-json\/wp\/v2\/pages\/35","targetHints":{"allow":["GET"]}}],"collection":[{"href":"https:\/\/pragmasoft.be\/fr\/wp-json\/wp\/v2\/pages"}],"about":[{"href":"https:\/\/pragmasoft.be\/fr\/wp-json\/wp\/v2\/types\/page"}],"author":[{"embeddable":true,"href":"https:\/\/pragmasoft.be\/fr\/wp-json\/wp\/v2\/users\/1"}],"replies":[{"embeddable":true,"href":"https:\/\/pragmasoft.be\/fr\/wp-json\/wp\/v2\/comments?post=35"}],"version-history":[{"count":26,"href":"https:\/\/pragmasoft.be\/fr\/wp-json\/wp\/v2\/pages\/35\/revisions"}],"predecessor-version":[{"id":677,"href":"https:\/\/pragmasoft.be\/fr\/wp-json\/wp\/v2\/pages\/35\/revisions\/677"}],"wp:attachment":[{"href":"https:\/\/pragmasoft.be\/fr\/wp-json\/wp\/v2\/media?parent=35"}],"curies":[{"name":"wp","href":"https:\/\/api.w.org\/{rel}","templated":true}]}}