{"id":730,"date":"2025-07-21T10:53:37","date_gmt":"2025-07-21T08:53:37","guid":{"rendered":"https:\/\/pragmasoft.be\/fr\/?page_id=730"},"modified":"2026-02-15T10:49:31","modified_gmt":"2026-02-15T09:49:31","slug":"soutiens","status":"publish","type":"page","link":"https:\/\/pragmasoft.be\/fr\/soutiens\/","title":{"rendered":"Soutiens"},"content":{"rendered":"\n<figure class=\"wp-block-image size-full is-resized\"><img loading=\"lazy\" decoding=\"async\" width=\"256\" height=\"256\" src=\"https:\/\/pragmasoft.be\/fr\/wp-content\/uploads\/2025\/07\/donation-svgrepo-com.png\" alt=\"\" class=\"wp-image-731\" style=\"width:100px\" srcset=\"https:\/\/pragmasoft.be\/fr\/wp-content\/uploads\/2025\/07\/donation-svgrepo-com.png 256w, https:\/\/pragmasoft.be\/fr\/wp-content\/uploads\/2025\/07\/donation-svgrepo-com-150x150.png 150w, https:\/\/pragmasoft.be\/fr\/wp-content\/uploads\/2025\/07\/donation-svgrepo-com-24x24.png 24w, https:\/\/pragmasoft.be\/fr\/wp-content\/uploads\/2025\/07\/donation-svgrepo-com-36x36.png 36w, https:\/\/pragmasoft.be\/fr\/wp-content\/uploads\/2025\/07\/donation-svgrepo-com-48x48.png 48w\" sizes=\"auto, (max-width: 256px) 100vw, 256px\" \/><\/figure>\n\n\n\n<p>\u00ab\u00a0Prendre une part de son temps pour les autres, c\u2019est aussi trouver un \u00e9quilibre pour soi\u00a0\u00bb. Inspir\u00e9s par cette id\u00e9e mise en avant dans la philosophie bouddhiste que chacun fait partie d\u2019un tout, nous pensons que de petits gestes peuvent vraiment am\u00e9liorer le monde.<\/p>\n\n\n\n<p>Pragmasoft n\u2019a pas la pr\u00e9tention de tout transformer, mais juste d\u2019avancer pas \u00e0 pas, en donnant un peu de soi pour rendre le monde un peu plus doux et plus humain.<\/p>\n\n\n\n<div style=\"height:25px\" aria-hidden=\"true\" class=\"wp-block-spacer\"><\/div>\n\n\n\n<h2 class=\"wp-block-heading\">Soutiens financiers<\/h2>\n\n\n\n<p>Ci-dessous diff\u00e9rentes actions que nous soutenons financi\u00e8rement par des dons ponctuels :<\/p>\n\n\n\n<div class=\"wp-block-columns is-layout-flex wp-container-core-columns-is-layout-9d6595d7 wp-block-columns-is-layout-flex\">\n<div class=\"wp-block-column is-layout-flow wp-block-column-is-layout-flow\" style=\"flex-basis:20%\"><div class=\"wp-block-image\">\n<figure class=\"aligncenter size-full\"><a href=\"https:\/\/pragmasoft.be\/fr\/wp-content\/uploads\/2025\/07\/logo_nubo.png\"><img loading=\"lazy\" decoding=\"async\" width=\"200\" height=\"53\" src=\"https:\/\/pragmasoft.be\/fr\/wp-content\/uploads\/2025\/07\/logo_nubo.png\" alt=\"\" class=\"wp-image-738\" srcset=\"https:\/\/pragmasoft.be\/fr\/wp-content\/uploads\/2025\/07\/logo_nubo.png 200w, https:\/\/pragmasoft.be\/fr\/wp-content\/uploads\/2025\/07\/logo_nubo-24x6.png 24w, https:\/\/pragmasoft.be\/fr\/wp-content\/uploads\/2025\/07\/logo_nubo-36x10.png 36w, https:\/\/pragmasoft.be\/fr\/wp-content\/uploads\/2025\/07\/logo_nubo-48x13.png 48w\" sizes=\"auto, (max-width: 200px) 100vw, 200px\" \/><\/a><\/figure>\n<\/div><\/div>\n\n\n\n<div class=\"wp-block-column is-vertically-aligned-center is-layout-flow wp-block-column-is-layout-flow\" style=\"padding-left:var(--wp--preset--spacing--40);flex-basis:80%\">\n<p><strong>Nubo<\/strong> une coop\u00e9rative bruxelloise qui propose des services en ligne respectueux de la vie priv\u00e9e. Nubo, c\u2019est un espace de stockage en ligne (cloud) et une adresse \u00e9lectronique (mail) dont l&rsquo;utilisateur a le contr\u00f4le. Le tout pour le prix d\u2019un caf\u00e9\u202f: \u00e0 partir de 2,5\u202f\u20ac par mois\u202f!<br><a href=\"https:\/\/www.nubo.coop\/fr\/\">https:\/\/www.nubo.coop\/fr\/<\/a><\/p>\n<\/div>\n<\/div>\n\n\n\n<div class=\"wp-block-columns is-layout-flex wp-container-core-columns-is-layout-9d6595d7 wp-block-columns-is-layout-flex\">\n<div class=\"wp-block-column is-layout-flow wp-block-column-is-layout-flow\" style=\"flex-basis:20%\"><div class=\"wp-block-image\">\n<figure class=\"aligncenter size-full\"><a href=\"https:\/\/pragmasoft.be\/fr\/wp-content\/uploads\/2025\/07\/neutrinet-autre-logo-text.png\"><img loading=\"lazy\" decoding=\"async\" width=\"243\" height=\"58\" src=\"https:\/\/pragmasoft.be\/fr\/wp-content\/uploads\/2025\/07\/neutrinet-autre-logo-text.png\" alt=\"\" class=\"wp-image-733\" srcset=\"https:\/\/pragmasoft.be\/fr\/wp-content\/uploads\/2025\/07\/neutrinet-autre-logo-text.png 243w, https:\/\/pragmasoft.be\/fr\/wp-content\/uploads\/2025\/07\/neutrinet-autre-logo-text-24x6.png 24w, https:\/\/pragmasoft.be\/fr\/wp-content\/uploads\/2025\/07\/neutrinet-autre-logo-text-36x9.png 36w, https:\/\/pragmasoft.be\/fr\/wp-content\/uploads\/2025\/07\/neutrinet-autre-logo-text-48x11.png 48w\" sizes=\"auto, (max-width: 243px) 100vw, 243px\" \/><\/a><\/figure>\n<\/div><\/div>\n\n\n\n<div class=\"wp-block-column is-vertically-aligned-center is-layout-flow wp-block-column-is-layout-flow\" style=\"padding-left:var(--wp--preset--spacing--40);flex-basis:80%\">\n<p><strong>Neutrinet<\/strong> est un collectif bruxellois qui s\u2019engage pour un internet neutre, libre, et d\u00e9centralis\u00e9, en offrant les outils n\u00e9cessaires \u00e0 celles et ceux qui veulent se r\u00e9approprier leurs donn\u00e9es et poser les briques d\u2019un internet en accord avec leurs valeurs.<br><a href=\"https:\/\/neutrinet.be\/fr\">https:\/\/neutrinet.be\/fr<\/a><\/p>\n<\/div>\n<\/div>\n\n\n\n<div class=\"wp-block-columns is-layout-flex wp-container-core-columns-is-layout-9d6595d7 wp-block-columns-is-layout-flex\">\n<div class=\"wp-block-column is-layout-flow wp-block-column-is-layout-flow\" style=\"flex-basis:20%\"><div class=\"wp-block-image\">\n<figure class=\"aligncenter size-full is-resized\"><a href=\"https:\/\/pragmasoft.be\/fr\/wp-content\/uploads\/2025\/07\/1024x1024@2x.webp\"><img loading=\"lazy\" decoding=\"async\" width=\"2048\" height=\"2048\" src=\"https:\/\/pragmasoft.be\/fr\/wp-content\/uploads\/2025\/07\/1024x1024@2x.webp\" alt=\"\" class=\"wp-image-732\" style=\"width:135px;height:auto\" srcset=\"https:\/\/pragmasoft.be\/fr\/wp-content\/uploads\/2025\/07\/1024x1024@2x.webp 2048w, https:\/\/pragmasoft.be\/fr\/wp-content\/uploads\/2025\/07\/1024x1024@2x-300x300.webp 300w, https:\/\/pragmasoft.be\/fr\/wp-content\/uploads\/2025\/07\/1024x1024@2x-1024x1024.webp 1024w, https:\/\/pragmasoft.be\/fr\/wp-content\/uploads\/2025\/07\/1024x1024@2x-150x150.webp 150w, https:\/\/pragmasoft.be\/fr\/wp-content\/uploads\/2025\/07\/1024x1024@2x-768x768.webp 768w, https:\/\/pragmasoft.be\/fr\/wp-content\/uploads\/2025\/07\/1024x1024@2x-1536x1536.webp 1536w, https:\/\/pragmasoft.be\/fr\/wp-content\/uploads\/2025\/07\/1024x1024@2x-24x24.webp 24w, https:\/\/pragmasoft.be\/fr\/wp-content\/uploads\/2025\/07\/1024x1024@2x-36x36.webp 36w, https:\/\/pragmasoft.be\/fr\/wp-content\/uploads\/2025\/07\/1024x1024@2x-48x48.webp 48w\" sizes=\"auto, (max-width: 2048px) 100vw, 2048px\" \/><\/a><\/figure>\n<\/div><\/div>\n\n\n\n<div class=\"wp-block-column is-vertically-aligned-center is-layout-flow wp-block-column-is-layout-flow\" style=\"padding-left:var(--wp--preset--spacing--40);flex-basis:80%\">\n<p><strong>Mozilla Thunderbird<\/strong> est un logiciel de messagerie \u00e9lectronique libre et gratuit, d\u00e9velopp\u00e9 par la fondation Mozilla. Il permet de g\u00e9rer plusieurs comptes e-mail (POP, IMAP), de centraliser ses messages, contacts et agendas au m\u00eame endroit, et d\u2019y acc\u00e9der m\u00eame hors ligne.<\/p>\n\n\n\n<p>Sa vocation est de proposer une alternative ouverte, s\u00e9curis\u00e9e et personnalisable aux services de messagerie propri\u00e9taires, tout en respectant la vie priv\u00e9e des utilisateurs. Gr\u00e2ce \u00e0 ses nombreuses extensions et th\u00e8mes, Thunderbird peut \u00eatre adapt\u00e9 aux besoins de chacun, que ce soit pour un usage personnel ou professionnel.<br><a href=\"https:\/\/www.thunderbird.net\/fr\/\">https:\/\/www.thunderbird.net\/fr\/<\/a><\/p>\n<\/div>\n<\/div>\n\n\n\n<div class=\"wp-block-columns is-layout-flex wp-container-core-columns-is-layout-9d6595d7 wp-block-columns-is-layout-flex\">\n<div class=\"wp-block-column is-layout-flow wp-block-column-is-layout-flow\" style=\"flex-basis:20%\"><div class=\"wp-block-image\">\n<figure class=\"aligncenter size-full\"><a href=\"https:\/\/pragmasoft.be\/fr\/wp-content\/uploads\/2025\/07\/Wikipedia-logo-v2-fr.png\"><img loading=\"lazy\" decoding=\"async\" width=\"135\" height=\"155\" src=\"https:\/\/pragmasoft.be\/fr\/wp-content\/uploads\/2025\/07\/Wikipedia-logo-v2-fr.png\" alt=\"\" class=\"wp-image-737\" srcset=\"https:\/\/pragmasoft.be\/fr\/wp-content\/uploads\/2025\/07\/Wikipedia-logo-v2-fr.png 135w, https:\/\/pragmasoft.be\/fr\/wp-content\/uploads\/2025\/07\/Wikipedia-logo-v2-fr-21x24.png 21w, https:\/\/pragmasoft.be\/fr\/wp-content\/uploads\/2025\/07\/Wikipedia-logo-v2-fr-31x36.png 31w, https:\/\/pragmasoft.be\/fr\/wp-content\/uploads\/2025\/07\/Wikipedia-logo-v2-fr-42x48.png 42w\" sizes=\"auto, (max-width: 135px) 100vw, 135px\" \/><\/a><\/figure>\n<\/div><\/div>\n\n\n\n<div class=\"wp-block-column is-vertically-aligned-center is-layout-flow wp-block-column-is-layout-flow\" style=\"padding-left:var(--wp--preset--spacing--40);flex-basis:80%\">\n<p><strong>Wikip\u00e9dia<\/strong> est une encyclop\u00e9die collaborative en ligne, libre et gratuite, cr\u00e9\u00e9e en 2001 par Jimmy Wales et Larry Sanger. Elle repose sur le principe du wiki, ce qui permet \u00e0 n\u2019importe qui de cr\u00e9er, modifier ou am\u00e9liorer les articles, dans le respect des r\u00e8gles de neutralit\u00e9 et de v\u00e9rifiabilit\u00e9.<\/p>\n\n\n\n<p>Sa vocation est de rendre le savoir accessible \u00e0 tous, partout dans le monde, en s\u2019appuyant sur la contribution collective et la mise en commun des connaissances. Gr\u00e2ce \u00e0 cette approche ouverte, Wikip\u00e9dia est devenue l\u2019une des plus grandes sources d\u2019information en ligne.<br><a href=\"https:\/\/fr.wikipedia.org\">https:\/\/fr.wikipedia.org<\/a><\/p>\n<\/div>\n<\/div>\n\n\n\n<div style=\"height:25px\" aria-hidden=\"true\" class=\"wp-block-spacer\"><\/div>\n\n\n\n<h2 class=\"wp-block-heading\">Soutiens effectifs<\/h2>\n\n\n\n<p>Ci-dessous des projets que nous soutenons activement, entre autres par du support technique :<\/p>\n\n\n\n<div class=\"wp-block-columns is-layout-flex wp-container-core-columns-is-layout-9d6595d7 wp-block-columns-is-layout-flex\">\n<div class=\"wp-block-column is-layout-flow wp-block-column-is-layout-flow\" style=\"flex-basis:20%\"><div class=\"wp-block-image\">\n<figure class=\"aligncenter size-full is-resized\"><a href=\"https:\/\/pragmasoft.be\/fr\/wp-content\/uploads\/2025\/07\/cebelog_350.png\"><img loading=\"lazy\" decoding=\"async\" width=\"350\" height=\"350\" src=\"https:\/\/pragmasoft.be\/fr\/wp-content\/uploads\/2025\/07\/cebelog_350.png\" alt=\"\" class=\"wp-image-736\" style=\"width:107px;height:auto\" srcset=\"https:\/\/pragmasoft.be\/fr\/wp-content\/uploads\/2025\/07\/cebelog_350.png 350w, https:\/\/pragmasoft.be\/fr\/wp-content\/uploads\/2025\/07\/cebelog_350-300x300.png 300w, https:\/\/pragmasoft.be\/fr\/wp-content\/uploads\/2025\/07\/cebelog_350-150x150.png 150w, https:\/\/pragmasoft.be\/fr\/wp-content\/uploads\/2025\/07\/cebelog_350-24x24.png 24w, https:\/\/pragmasoft.be\/fr\/wp-content\/uploads\/2025\/07\/cebelog_350-36x36.png 36w, https:\/\/pragmasoft.be\/fr\/wp-content\/uploads\/2025\/07\/cebelog_350-48x48.png 48w\" sizes=\"auto, (max-width: 350px) 100vw, 350px\" \/><\/a><\/figure>\n<\/div><\/div>\n\n\n\n<div class=\"wp-block-column is-vertically-aligned-center is-layout-flow wp-block-column-is-layout-flow\" style=\"padding-left:var(--wp--preset--spacing--40);flex-basis:80%\">\n<p>La <strong>CEBE-MOB<\/strong> (Commission de l\u2019Environnement de Bruxelles et Environs asbl \u2013 Milieu Commissie Brussel en Omgeving vzw) est une association sans but lucratif active dans la r\u00e9gion de Bruxelles-Capitale et dans les communes y attenant.<\/p>\n\n\n\n<p>L\u2019association a pour objectifs la protection de l\u2019environnement, la conservation du patrimoine ainsi que la gestion et l\u2019animation des sites naturels et du patrimoine collectif.<br><a href=\"https:\/\/cebe.be\">https:\/\/cebe.be<\/a><br><\/p>\n<\/div>\n<\/div>\n\n\n\n<div class=\"wp-block-columns is-layout-flex wp-container-core-columns-is-layout-9d6595d7 wp-block-columns-is-layout-flex\">\n<div class=\"wp-block-column is-layout-flow wp-block-column-is-layout-flow\" style=\"flex-basis:20%\"><div class=\"wp-block-image\">\n<figure class=\"aligncenter size-full is-resized\"><a href=\"https:\/\/pragmasoft.be\/fr\/wp-content\/uploads\/2025\/07\/logo.jpg\"><img loading=\"lazy\" decoding=\"async\" width=\"436\" height=\"336\" src=\"https:\/\/pragmasoft.be\/fr\/wp-content\/uploads\/2025\/07\/logo.jpg\" alt=\"\" class=\"wp-image-735\" style=\"width:107px;height:auto\" srcset=\"https:\/\/pragmasoft.be\/fr\/wp-content\/uploads\/2025\/07\/logo.jpg 436w, https:\/\/pragmasoft.be\/fr\/wp-content\/uploads\/2025\/07\/logo-300x231.jpg 300w, https:\/\/pragmasoft.be\/fr\/wp-content\/uploads\/2025\/07\/logo-24x18.jpg 24w, https:\/\/pragmasoft.be\/fr\/wp-content\/uploads\/2025\/07\/logo-36x28.jpg 36w, https:\/\/pragmasoft.be\/fr\/wp-content\/uploads\/2025\/07\/logo-48x37.jpg 48w\" sizes=\"auto, (max-width: 436px) 100vw, 436px\" \/><\/a><\/figure>\n<\/div><\/div>\n\n\n\n<div class=\"wp-block-column is-vertically-aligned-center is-layout-flow wp-block-column-is-layout-flow\" style=\"padding-left:var(--wp--preset--spacing--40);flex-basis:80%\">\n<p><strong>PECS<\/strong> est une asbl congolaise active \u00e0 Kinshasa et qui a pour objectif de sortir les enfants de la rue de cette situation inhumaine. Elle vise \u00e0 assurer la r\u00e9insertion familiale, professionnelle et communautaire des enfants et jeunes en situation difficile dans la Commune de Ngaliema. <br><a href=\"https:\/\/www.pecs.be\">https:\/\/www.pecs.be<\/a><br><\/p>\n<\/div>\n<\/div>\n\n\n\n<div class=\"wp-block-columns is-layout-flex wp-container-core-columns-is-layout-9d6595d7 wp-block-columns-is-layout-flex\">\n<div class=\"wp-block-column is-layout-flow wp-block-column-is-layout-flow\" style=\"flex-basis:20%\"><div class=\"wp-block-image\">\n<figure class=\"aligncenter size-full is-resized\"><a href=\"https:\/\/pragmasoft.be\/fr\/wp-content\/uploads\/2025\/07\/logo_mediraid_fond_blanc_500.png\"><img loading=\"lazy\" decoding=\"async\" width=\"500\" height=\"500\" src=\"https:\/\/pragmasoft.be\/fr\/wp-content\/uploads\/2025\/07\/logo_mediraid_fond_blanc_500.png\" alt=\"\" class=\"wp-image-734\" style=\"width:107px;height:auto\" srcset=\"https:\/\/pragmasoft.be\/fr\/wp-content\/uploads\/2025\/07\/logo_mediraid_fond_blanc_500.png 500w, https:\/\/pragmasoft.be\/fr\/wp-content\/uploads\/2025\/07\/logo_mediraid_fond_blanc_500-300x300.png 300w, https:\/\/pragmasoft.be\/fr\/wp-content\/uploads\/2025\/07\/logo_mediraid_fond_blanc_500-150x150.png 150w, https:\/\/pragmasoft.be\/fr\/wp-content\/uploads\/2025\/07\/logo_mediraid_fond_blanc_500-24x24.png 24w, https:\/\/pragmasoft.be\/fr\/wp-content\/uploads\/2025\/07\/logo_mediraid_fond_blanc_500-36x36.png 36w, https:\/\/pragmasoft.be\/fr\/wp-content\/uploads\/2025\/07\/logo_mediraid_fond_blanc_500-48x48.png 48w\" sizes=\"auto, (max-width: 500px) 100vw, 500px\" \/><\/a><\/figure>\n<\/div><\/div>\n\n\n\n<div class=\"wp-block-column is-vertically-aligned-center is-layout-flow wp-block-column-is-layout-flow\" style=\"padding-left:var(--wp--preset--spacing--40);flex-basis:80%\">\n<p><strong>Mediraid<\/strong> est une asbl belge active dans le domaine de l\u2019aide m\u00e9dicale et de l&rsquo;action humanitaire ponctuelle avec des projets importants en Guin\u00e9e et surtout au S\u00e9n\u00e9gal : consultations ophtalmologiques, acc\u00e8s \u00e0 l\u2019\u00e9cole (projet \u00ab v\u00e9los pour l\u2019\u00e9ducation \u00bb), construction de biblioth\u00e8ques scolaires, don d\u2019\u00e9quipements m\u00e9dicaux \u2013 techniques \u2013 sportifs et scolaires et actions de sant\u00e9 globale. Pragmasoft soutient particuli\u00e8rement le projet \u00ab\u00a0S\u00e9nalicament\u00a0\u00bb et la communication de Mediraid (web et <a href=\"https:\/\/heyzine.com\/flip-book\/a919e33f22.html\" target=\"_blank\" rel=\"noreferrer noopener\">rapport d&rsquo;activit\u00e9<\/a>).<br><a href=\"https:\/\/www.mediraid.be\">https:\/\/www.mediraid.be<\/a><\/p>\n<\/div>\n<\/div>\n\n\n\n<div class=\"wp-block-columns is-layout-flex wp-container-core-columns-is-layout-9d6595d7 wp-block-columns-is-layout-flex\">\n<div class=\"wp-block-column is-layout-flow wp-block-column-is-layout-flow\" style=\"flex-basis:20%\"><div class=\"wp-block-image\">\n<figure class=\"aligncenter size-full is-resized\"><a href=\"https:\/\/pragmasoft.be\/fr\/wp-content\/uploads\/2025\/07\/cropped-Castock_logo.png\"><img loading=\"lazy\" decoding=\"async\" width=\"200\" height=\"153\" src=\"https:\/\/pragmasoft.be\/fr\/wp-content\/uploads\/2025\/07\/cropped-Castock_logo.png\" alt=\"\" class=\"wp-image-747\" style=\"width:127px;height:auto\" srcset=\"https:\/\/pragmasoft.be\/fr\/wp-content\/uploads\/2025\/07\/cropped-Castock_logo.png 200w, https:\/\/pragmasoft.be\/fr\/wp-content\/uploads\/2025\/07\/cropped-Castock_logo-24x18.png 24w, https:\/\/pragmasoft.be\/fr\/wp-content\/uploads\/2025\/07\/cropped-Castock_logo-36x28.png 36w, https:\/\/pragmasoft.be\/fr\/wp-content\/uploads\/2025\/07\/cropped-Castock_logo-48x37.png 48w\" sizes=\"auto, (max-width: 200px) 100vw, 200px\" \/><\/a><\/figure>\n<\/div><\/div>\n\n\n\n<div class=\"wp-block-column is-vertically-aligned-center is-layout-flow wp-block-column-is-layout-flow\" style=\"padding-left:var(--wp--preset--spacing--40);flex-basis:80%\">\n<p><strong>Castock<\/strong> est un collectif bruxellois g\u00e9r\u00e9 par des b\u00e9n\u00e9voles. Castock est un stock de mat\u00e9riel pour des \u00e9v\u00e9nements ext\u00e9rieurs et des activit\u00e9s sociales, culturelles, solidaires ou militantes. Il a pour ambition de fonctionner comme une plateforme pour mettre en lien des gens et des ressources. <br><a href=\"https:\/\/castock.be\/fr\/\">https:\/\/castock.be<\/a><\/p>\n<\/div>\n<\/div>\n\n\n\n<div style=\"height:25px\" aria-hidden=\"true\" class=\"wp-block-spacer\"><\/div>\n\n\n\n<hr class=\"wp-block-separator has-alpha-channel-opacity\"\/>\n\n\n\n<p><\/p>\n","protected":false},"excerpt":{"rendered":"<p>\u00ab\u00a0Prendre une part de son temps pour les autres, c\u2019est aussi trouver un \u00e9quilibre pour soi\u00a0\u00bb. Inspir\u00e9s par cette id\u00e9e mise en avant dans la philosophie bouddhiste que chacun fait partie d\u2019un tout, nous pensons que de petits gestes peuvent vraiment am\u00e9liorer le monde. Pragmasoft n\u2019a pas la pr\u00e9tention de tout transformer, mais juste d\u2019avancer&hellip;&nbsp;<a href=\"https:\/\/pragmasoft.be\/fr\/soutiens\/\" rel=\"bookmark\"><span class=\"screen-reader-text\">Soutiens<\/span><\/a><\/p>\n","protected":false},"author":1,"featured_media":0,"parent":0,"menu_order":0,"comment_status":"closed","ping_status":"closed","template":"","meta":{"neve_meta_sidebar":"","neve_meta_container":"","neve_meta_enable_content_width":"","neve_meta_content_width":0,"neve_meta_title_alignment":"","neve_meta_author_avatar":"","neve_post_elements_order":"","neve_meta_disable_header":"","neve_meta_disable_footer":"","neve_meta_disable_title":"","footnotes":""},"class_list":["post-730","page","type-page","status-publish","hentry"],"_links":{"self":[{"href":"https:\/\/pragmasoft.be\/fr\/wp-json\/wp\/v2\/pages\/730","targetHints":{"allow":["GET"]}}],"collection":[{"href":"https:\/\/pragmasoft.be\/fr\/wp-json\/wp\/v2\/pages"}],"about":[{"href":"https:\/\/pragmasoft.be\/fr\/wp-json\/wp\/v2\/types\/page"}],"author":[{"embeddable":true,"href":"https:\/\/pragmasoft.be\/fr\/wp-json\/wp\/v2\/users\/1"}],"replies":[{"embeddable":true,"href":"https:\/\/pragmasoft.be\/fr\/wp-json\/wp\/v2\/comments?post=730"}],"version-history":[{"count":6,"href":"https:\/\/pragmasoft.be\/fr\/wp-json\/wp\/v2\/pages\/730\/revisions"}],"predecessor-version":[{"id":780,"href":"https:\/\/pragmasoft.be\/fr\/wp-json\/wp\/v2\/pages\/730\/revisions\/780"}],"wp:attachment":[{"href":"https:\/\/pragmasoft.be\/fr\/wp-json\/wp\/v2\/media?parent=730"}],"curies":[{"name":"wp","href":"https:\/\/api.w.org\/{rel}","templated":true}]}}